{"id":1985,"date":"2022-09-30T19:03:23","date_gmt":"2022-09-30T19:03:23","guid":{"rendered":"https:\/\/marinhohermestreinamentos.com.br\/mh\/?page_id=1985"},"modified":"2022-10-20T02:07:55","modified_gmt":"2022-10-20T02:07:55","slug":"comunicacao-assertiva","status":"publish","type":"page","link":"https:\/\/marinhohermestreinamentos.com.br\/mh\/comunicacao-assertiva\/","title":{"rendered":"Comunica\u00e7\u00e3o Assertiva"},"content":{"rendered":"\t\t<div data-elementor-type=\"wp-page\" data-elementor-id=\"1985\" class=\"elementor elementor-1985\">\n\t\t\t\t\t\t<section class=\"elementor-section elementor-top-section elementor-element elementor-element-2fffe266 elementor-section-boxed elementor-section-height-default elementor-section-height-default\" data-id=\"2fffe266\" data-element_type=\"section\" data-e-type=\"section\">\n\t\t\t\t\t\t<div class=\"elementor-container elementor-column-gap-default\">\n\t\t\t\t\t<div class=\"elementor-column elementor-col-100 elementor-top-column elementor-element elementor-element-163a095\" data-id=\"163a095\" data-element_type=\"column\" data-e-type=\"column\">\n\t\t\t<div class=\"elementor-widget-wrap elementor-element-populated\">\n\t\t\t\t\t\t<section class=\"elementor-section elementor-inner-section elementor-element elementor-element-3bc690 elementor-section-boxed elementor-section-height-default elementor-section-height-default\" data-id=\"3bc690\" data-element_type=\"section\" data-e-type=\"section\">\n\t\t\t\t\t\t<div class=\"elementor-container elementor-column-gap-default\">\n\t\t\t\t\t<div class=\"elementor-column elementor-col-50 elementor-inner-column elementor-element elementor-element-64e504a\" data-id=\"64e504a\" data-element_type=\"column\" data-e-type=\"column\">\n\t\t\t<div class=\"elementor-widget-wrap elementor-element-populated\">\n\t\t\t\t\t\t<div class=\"elementor-element elementor-element-42a418ad elementor-widget elementor-widget-heading\" data-id=\"42a418ad\" data-element_type=\"widget\" data-e-type=\"widget\" data-widget_type=\"heading.default\">\n\t\t\t\t<div class=\"elementor-widget-container\">\n\t\t\t\t\t<h1 class=\"elementor-heading-title elementor-size-default\">COMUNICA\u00c7\u00c3O ASSERTIVA<\/h1>\t\t\t\t<\/div>\n\t\t\t\t<\/div>\n\t\t\t\t<div class=\"elementor-element elementor-element-168eb7d4 elementor-widget elementor-widget-heading\" data-id=\"168eb7d4\" data-element_type=\"widget\" data-e-type=\"widget\" data-widget_type=\"heading.default\">\n\t\t\t\t<div class=\"elementor-widget-container\">\n\t\t\t\t\t<h2 class=\"elementor-heading-title elementor-size-default\">TURMAS ABERTAS OU IN COMPANY\n<\/h2>\t\t\t\t<\/div>\n\t\t\t\t<\/div>\n\t\t\t\t<div class=\"elementor-element elementor-element-a040969 elementor-widget elementor-widget-heading\" data-id=\"a040969\" data-element_type=\"widget\" data-e-type=\"widget\" data-widget_type=\"heading.default\">\n\t\t\t\t<div class=\"elementor-widget-container\">\n\t\t\t\t\t<h2 class=\"elementor-heading-title elementor-size-default\">Qual o primeiro passo? Evite se esconder dessa t\u00e3o importante e essencial compet\u00eancia que faz diferen\u00e7a no mundo atual. O que voc\u00ea busca? Falar em p\u00fablico, conduzir reuni\u00f5es, v\u00cddeo confer\u00eancias, palestras t\u00e9cnicas, discursos, v\u00eddeos para marketing, criar impress\u00e3o positiva? O importante \u00e9 saber se comunicar para alcan\u00e7ar o resultado almejado.<\/h2>\t\t\t\t<\/div>\n\t\t\t\t<\/div>\n\t\t\t\t<div class=\"elementor-element elementor-element-a6fbbe4 elementor-widget elementor-widget-heading\" data-id=\"a6fbbe4\" data-element_type=\"widget\" data-e-type=\"widget\" data-widget_type=\"heading.default\">\n\t\t\t\t<div class=\"elementor-widget-container\">\n\t\t\t\t\t<h2 class=\"elementor-heading-title elementor-size-default\">A comunica\u00e7\u00e3o pode ser a solu\u00e7\u00e3o ou o problema. Isso depende de voc\u00ea. Grandes conflitos s\u00e3o gerados e outros s\u00e3o evitados devido \u00e0 comunica\u00e7\u00e3o. Grandes ideias s\u00e3o aceitas e outras s\u00e3o rejeitadas ou at\u00e9 mesmo nem ouvidas, por causa da comunica\u00e7\u00e3o. Grandes pessoas se escondem por causa da comunica\u00e7\u00e3o e grandes pessoas se promovem por causa da comunica\u00e7\u00e3o.<\/h2>\t\t\t\t<\/div>\n\t\t\t\t<\/div>\n\t\t\t\t\t<\/div>\n\t\t<\/div>\n\t\t\t\t<div class=\"elementor-column elementor-col-50 elementor-inner-column elementor-element elementor-element-1472782\" data-id=\"1472782\" data-element_type=\"column\" data-e-type=\"column\">\n\t\t\t<div class=\"elementor-widget-wrap elementor-element-populated\">\n\t\t\t\t\t\t<div class=\"elementor-element elementor-element-7e820e68 elementor-widget elementor-widget-tfcarousel\" data-id=\"7e820e68\" data-element_type=\"widget\" data-e-type=\"widget\" data-widget_type=\"tfcarousel.default\">\n\t\t\t\t<div class=\"elementor-widget-container\">\n\t\t\t\t\t\t\t<div class=\"tf-carousel-box has-arrow no-bullets\" data-loop=\"yes\" data-auto=\"\" data-column=\"1\" data-column2=\"1\" data-column3=\"1\" data-spacer=\"\" data-prev_icon=\"fa fa-chevron-left\" data-next_icon=\"fa fa-chevron-right\">\r\n\t\t\t<div class=\"owl-carousel owl-theme\">\r\n\t\t\t\t\t\t\t\t\t\t\t\t<div class=\"item\"><img decoding=\"async\" src=\"https:\/\/marinhohermestreinamentos.com.br\/mh\/wp-content\/uploads\/2022\/10\/IMG_2067-scaled.jpg\" alt=\"image\"><\/div>\r\n\t\t\t\t\t\t\t\t\t\t\t\t\t\t\t\t<div class=\"item\"><img decoding=\"async\" src=\"https:\/\/marinhohermestreinamentos.com.br\/mh\/wp-content\/uploads\/2022\/10\/IMG_2032-scaled.jpg\" alt=\"image\"><\/div>\r\n\t\t\t\t\t\t\t\t\t\t\t\t\t\t\t\t<div class=\"item\"><img decoding=\"async\" src=\"https:\/\/marinhohermestreinamentos.com.br\/mh\/wp-content\/uploads\/2022\/10\/IMG_2015-scaled.jpg\" alt=\"image\"><\/div>\r\n\t\t\t\t\t\t\t\t\t\t\t\t\t\t\t\t<div class=\"item\"><img decoding=\"async\" src=\"https:\/\/marinhohermestreinamentos.com.br\/mh\/wp-content\/uploads\/2022\/10\/IMG_1992-scaled.jpg\" alt=\"image\"><\/div>\r\n\t\t\t\t\t\t\t\t\t\t\t\t\t\t\t\t<div class=\"item\"><img decoding=\"async\" src=\"https:\/\/marinhohermestreinamentos.com.br\/mh\/wp-content\/uploads\/2022\/10\/IMG_1819-scaled.jpg\" alt=\"image\"><\/div>\r\n\t\t\t\t\t\t\t\t\t\t\t\t\t\t\t\t<div class=\"item\"><img decoding=\"async\" src=\"https:\/\/marinhohermestreinamentos.com.br\/mh\/wp-content\/uploads\/2022\/10\/IMG_1861-scaled.jpg\" alt=\"image\"><\/div>\r\n\t\t\t\t\t\t\t\t\t\t\t\t\t\t<div class=\"owl-nav\">\r\n\t\t\t\t\t<div class=\"tf-car-prev\"><i class=\"fa fa-chevron-left\"><\/i><\/div>\r\n\t\t\t\t\t<div class=\"tf-car-next\"><i class=\"fa fa-chevron-right\"><\/i><\/div>\r\n\t\t\t\t<\/div>\r\n\t\t\t\t\r\n\t\t\t<\/div>\r\n\t\t<\/div>\r\n\t\t\t\t\t\t<\/div>\n\t\t\t\t<\/div>\n\t\t\t\t<div class=\"elementor-element elementor-element-567a4633 elementor-widget elementor-widget-heading\" data-id=\"567a4633\" data-element_type=\"widget\" data-e-type=\"widget\" data-widget_type=\"heading.default\">\n\t\t\t\t<div class=\"elementor-widget-container\">\n\t\t\t\t\t<h2 class=\"elementor-heading-title elementor-size-default\">BAIXAR FOLDER DO TREINAMENTO<\/h2>\t\t\t\t<\/div>\n\t\t\t\t<\/div>\n\t\t\t\t<div class=\"elementor-element elementor-element-5f7928b3 elementor-widget elementor-widget-heading\" data-id=\"5f7928b3\" data-element_type=\"widget\" data-e-type=\"widget\" data-widget_type=\"heading.default\">\n\t\t\t\t<div class=\"elementor-widget-container\">\n\t\t\t\t\t<h2 class=\"elementor-heading-title elementor-size-default\">Clique aqui e baixe o folder completo desse treinamento.<\/h2>\t\t\t\t<\/div>\n\t\t\t\t<\/div>\n\t\t\t\t<div class=\"elementor-element elementor-element-188e8291 elementor-align-right elementor-widget elementor-widget-button\" data-id=\"188e8291\" data-element_type=\"widget\" data-e-type=\"widget\" data-widget_type=\"button.default\">\n\t\t\t\t<div class=\"elementor-widget-container\">\n\t\t\t\t\t\t\t\t\t<div class=\"elementor-button-wrapper\">\n\t\t\t\t\t<a class=\"elementor-button elementor-button-link elementor-size-sm\" href=\"https:\/\/marinhohermestreinamentos.com.br\/mh\/wp-content\/uploads\/2022\/10\/04-Lamina-Programa-de-Comunicacao-Assertiva.pdf\">\n\t\t\t\t\t\t<span class=\"elementor-button-content-wrapper\">\n\t\t\t\t\t\t<span class=\"elementor-button-icon\">\n\t\t\t\t<i aria-hidden=\"true\" class=\"far fa-file-pdf\"><\/i>\t\t\t<\/span>\n\t\t\t\t\t\t\t\t\t<span class=\"elementor-button-text\">Downlaod .PDF<\/span>\n\t\t\t\t\t<\/span>\n\t\t\t\t\t<\/a>\n\t\t\t\t<\/div>\n\t\t\t\t\t\t\t\t<\/div>\n\t\t\t\t<\/div>\n\t\t\t\t<div class=\"elementor-element elementor-element-334aabe4 elementor-widget-divider--view-line elementor-widget elementor-widget-divider\" data-id=\"334aabe4\" data-element_type=\"widget\" data-e-type=\"widget\" data-widget_type=\"divider.default\">\n\t\t\t\t<div class=\"elementor-widget-container\">\n\t\t\t\t\t\t\t<div class=\"elementor-divider\">\n\t\t\t<span class=\"elementor-divider-separator\">\n\t\t\t\t\t\t<\/span>\n\t\t<\/div>\n\t\t\t\t\t\t<\/div>\n\t\t\t\t<\/div>\n\t\t\t\t\t<\/div>\n\t\t<\/div>\n\t\t\t\t\t<\/div>\n\t\t<\/section>\n\t\t\t\t<section class=\"elementor-section elementor-inner-section elementor-element elementor-element-41555e5d elementor-section-boxed elementor-section-height-default elementor-section-height-default\" data-id=\"41555e5d\" data-element_type=\"section\" data-e-type=\"section\">\n\t\t\t\t\t\t<div class=\"elementor-container elementor-column-gap-default\">\n\t\t\t\t\t<div class=\"elementor-column elementor-col-100 elementor-inner-column elementor-element elementor-element-10e5b70\" data-id=\"10e5b70\" data-element_type=\"column\" data-e-type=\"column\">\n\t\t\t<div class=\"elementor-widget-wrap elementor-element-populated\">\n\t\t\t\t\t\t<div class=\"elementor-element elementor-element-32ac7714 elementor-widget elementor-widget-heading\" data-id=\"32ac7714\" data-element_type=\"widget\" data-e-type=\"widget\" data-widget_type=\"heading.default\">\n\t\t\t\t<div class=\"elementor-widget-container\">\n\t\t\t\t\t<h2 class=\"elementor-heading-title elementor-size-default\">Conte\u00fado do programa<\/h2>\t\t\t\t<\/div>\n\t\t\t\t<\/div>\n\t\t\t\t<div class=\"elementor-element elementor-element-57fd1e7 elementor-widget elementor-widget-heading\" data-id=\"57fd1e7\" data-element_type=\"widget\" data-e-type=\"widget\" data-widget_type=\"heading.default\">\n\t\t\t\t<div class=\"elementor-widget-container\">\n\t\t\t\t\t<h2 class=\"elementor-heading-title elementor-size-default\">Voc\u00ea \u00e9 a cara do seu neg\u00f3cio ou est\u00e1 sempre colocando outra pessoa para te representar?<\/BR>\n\nVoc\u00ea \u00e9 a sua comunica\u00e7\u00e3o! Como se veste, se porta e como fala.<\/BR>\n\nVoc\u00ea \u00e9 a sua marca!<\/BR>\n\nVamos desconstruir suas percep\u00e7\u00f5es negativas sobre voc\u00ea como comunicador, quebrar as cren\u00e7as de que as pessoas nascem prontas para se comunicar e ampliar seu poder pessoal como comunicador em qualquer ambiente, e que o mais importante \u00e9 a forma como fazemos isso por voc\u00ea, que \u00e9 respeitando seu estilo.<\/h2>\t\t\t\t<\/div>\n\t\t\t\t<\/div>\n\t\t\t\t<div class=\"elementor-element elementor-element-22e94657 elementor-widget elementor-widget-heading\" data-id=\"22e94657\" data-element_type=\"widget\" data-e-type=\"widget\" data-widget_type=\"heading.default\">\n\t\t\t\t<div class=\"elementor-widget-container\">\n\t\t\t\t\t<h2 class=\"elementor-heading-title elementor-size-default\">INCLUSO<\/h2>\t\t\t\t<\/div>\n\t\t\t\t<\/div>\n\t\t\t\t<div class=\"elementor-element elementor-element-35f4a3ed elementor-icon-list--layout-traditional elementor-list-item-link-full_width elementor-widget elementor-widget-icon-list\" data-id=\"35f4a3ed\" data-element_type=\"widget\" data-e-type=\"widget\" data-widget_type=\"icon-list.default\">\n\t\t\t\t<div class=\"elementor-widget-container\">\n\t\t\t\t\t\t\t<ul class=\"elementor-icon-list-items\">\n\t\t\t\t\t\t\t<li class=\"elementor-icon-list-item\">\n\t\t\t\t\t\t\t\t\t\t\t<span class=\"elementor-icon-list-icon\">\n\t\t\t\t\t\t\t<i aria-hidden=\"true\" class=\"fas fa-check\"><\/i>\t\t\t\t\t\t<\/span>\n\t\t\t\t\t\t\t\t\t\t<span class=\"elementor-icon-list-text\">Manual do participante<\/span>\n\t\t\t\t\t\t\t\t\t<\/li>\n\t\t\t\t\t\t\t\t<li class=\"elementor-icon-list-item\">\n\t\t\t\t\t\t\t\t\t\t\t<span class=\"elementor-icon-list-icon\">\n\t\t\t\t\t\t\t<i aria-hidden=\"true\" class=\"fas fa-check\"><\/i>\t\t\t\t\t\t<\/span>\n\t\t\t\t\t\t\t\t\t\t<span class=\"elementor-icon-list-text\">Material did\u00e1tico<\/span>\n\t\t\t\t\t\t\t\t\t<\/li>\n\t\t\t\t\t\t\t\t<li class=\"elementor-icon-list-item\">\n\t\t\t\t\t\t\t\t\t\t\t<span class=\"elementor-icon-list-icon\">\n\t\t\t\t\t\t\t<i aria-hidden=\"true\" class=\"fas fa-check\"><\/i>\t\t\t\t\t\t<\/span>\n\t\t\t\t\t\t\t\t\t\t<span class=\"elementor-icon-list-text\">Coffee break<\/span>\n\t\t\t\t\t\t\t\t\t<\/li>\n\t\t\t\t\t\t\t\t<li class=\"elementor-icon-list-item\">\n\t\t\t\t\t\t\t\t\t\t\t<span class=\"elementor-icon-list-icon\">\n\t\t\t\t\t\t\t<i aria-hidden=\"true\" class=\"fas fa-check\"><\/i>\t\t\t\t\t\t<\/span>\n\t\t\t\t\t\t\t\t\t\t<span class=\"elementor-icon-list-text\">Certificado de conclus\u00e3o<\/span>\n\t\t\t\t\t\t\t\t\t<\/li>\n\t\t\t\t\t\t<\/ul>\n\t\t\t\t\t\t<\/div>\n\t\t\t\t<\/div>\n\t\t\t\t<div class=\"elementor-element elementor-element-4fba036a elementor-widget elementor-widget-heading\" data-id=\"4fba036a\" data-element_type=\"widget\" data-e-type=\"widget\" data-widget_type=\"heading.default\">\n\t\t\t\t<div class=\"elementor-widget-container\">\n\t\t\t\t\t<h2 class=\"elementor-heading-title elementor-size-default\">Dura\u00e7\u00e3o\n<\/h2>\t\t\t\t<\/div>\n\t\t\t\t<\/div>\n\t\t\t\t<div class=\"elementor-element elementor-element-40da30cc elementor-widget elementor-widget-heading\" data-id=\"40da30cc\" data-element_type=\"widget\" data-e-type=\"widget\" data-widget_type=\"heading.default\">\n\t\t\t\t<div class=\"elementor-widget-container\">\n\t\t\t\t\t<h2 class=\"elementor-heading-title elementor-size-default\">Turmas presenciais<\/BR>\n\nDura\u00e7\u00e3o: 03 dias consecutivos.<\/BR>\nCarga hor\u00e1ria: 24 horas\/aula presenciais<\/h2>\t\t\t\t<\/div>\n\t\t\t\t<\/div>\n\t\t\t\t<div class=\"elementor-element elementor-element-52f0b5c elementor-widget-tablet__width-inherit elementor-align-center elementor-icon-list--layout-traditional elementor-list-item-link-full_width elementor-widget elementor-widget-icon-list\" data-id=\"52f0b5c\" data-element_type=\"widget\" data-e-type=\"widget\" data-widget_type=\"icon-list.default\">\n\t\t\t\t<div class=\"elementor-widget-container\">\n\t\t\t\t\t\t\t<ul class=\"elementor-icon-list-items\">\n\t\t\t\t\t\t\t<li class=\"elementor-icon-list-item\">\n\t\t\t\t\t\t\t\t\t\t\t<a href=\"https:\/\/api.whatsapp.com\/send?phone=5577988251696\" target=\"_blank\">\n\n\t\t\t\t\t\t\t\t\t\t\t\t<span class=\"elementor-icon-list-icon\">\n\t\t\t\t\t\t\t<i aria-hidden=\"true\" class=\"fab fa-whatsapp\"><\/i>\t\t\t\t\t\t<\/span>\n\t\t\t\t\t\t\t\t\t\t<span class=\"elementor-icon-list-text\">Ainda tem d\u00favidas? Clique aqui e fale conosco<\/span>\n\t\t\t\t\t\t\t\t\t\t\t<\/a>\n\t\t\t\t\t\t\t\t\t<\/li>\n\t\t\t\t\t\t<\/ul>\n\t\t\t\t\t\t<\/div>\n\t\t\t\t<\/div>\n\t\t\t\t<div class=\"elementor-element elementor-element-46c12ac0 elementor-widget elementor-widget-spacer\" data-id=\"46c12ac0\" data-element_type=\"widget\" data-e-type=\"widget\" data-widget_type=\"spacer.default\">\n\t\t\t\t<div class=\"elementor-widget-container\">\n\t\t\t\t\t\t\t<div class=\"elementor-spacer\">\n\t\t\t<div class=\"elementor-spacer-inner\"><\/div>\n\t\t<\/div>\n\t\t\t\t\t\t<\/div>\n\t\t\t\t<\/div>\n\t\t\t\t\t<\/div>\n\t\t<\/div>\n\t\t\t\t\t<\/div>\n\t\t<\/section>\n\t\t\t\t\t<\/div>\n\t\t<\/div>\n\t\t\t\t\t<\/div>\n\t\t<\/section>\n\t\t\t\t<\/div>\n\t\t","protected":false},"excerpt":{"rendered":"<p>COMUNICA\u00c7\u00c3O ASSERTIVA TURMAS ABERTAS OU IN COMPANY Qual o primeiro passo? Evite se esconder dessa t\u00e3o importante e essencial compet\u00eancia que faz diferen\u00e7a no mundo atual. O que voc\u00ea busca? Falar em p\u00fablico, conduzir reuni\u00f5es, v\u00cddeo confer\u00eancias, palestras t\u00e9cnicas, discursos, v\u00eddeos para marketing, criar impress\u00e3o positiva? O importante \u00e9 saber se [&hellip;]<\/p>\n","protected":false},"author":1,"featured_media":0,"parent":0,"menu_order":0,"comment_status":"closed","ping_status":"closed","template":"elementor_header_footer","meta":{"footnotes":""},"class_list":["post-1985","page","type-page","status-publish","hentry"],"_links":{"self":[{"href":"https:\/\/marinhohermestreinamentos.com.br\/mh\/wp-json\/wp\/v2\/pages\/1985","targetHints":{"allow":["GET"]}}],"collection":[{"href":"https:\/\/marinhohermestreinamentos.com.br\/mh\/wp-json\/wp\/v2\/pages"}],"about":[{"href":"https:\/\/marinhohermestreinamentos.com.br\/mh\/wp-json\/wp\/v2\/types\/page"}],"author":[{"embeddable":true,"href":"https:\/\/marinhohermestreinamentos.com.br\/mh\/wp-json\/wp\/v2\/users\/1"}],"replies":[{"embeddable":true,"href":"https:\/\/marinhohermestreinamentos.com.br\/mh\/wp-json\/wp\/v2\/comments?post=1985"}],"version-history":[{"count":16,"href":"https:\/\/marinhohermestreinamentos.com.br\/mh\/wp-json\/wp\/v2\/pages\/1985\/revisions"}],"predecessor-version":[{"id":3071,"href":"https:\/\/marinhohermestreinamentos.com.br\/mh\/wp-json\/wp\/v2\/pages\/1985\/revisions\/3071"}],"wp:attachment":[{"href":"https:\/\/marinhohermestreinamentos.com.br\/mh\/wp-json\/wp\/v2\/media?parent=1985"}],"curies":[{"name":"wp","href":"https:\/\/api.w.org\/{rel}","templated":true}]}}