{"id":1989,"date":"2022-09-30T19:22:52","date_gmt":"2022-09-30T19:22:52","guid":{"rendered":"https:\/\/marinhohermestreinamentos.com.br\/mh\/?page_id=1989"},"modified":"2022-10-20T19:51:31","modified_gmt":"2022-10-20T19:51:31","slug":"workshops","status":"publish","type":"page","link":"https:\/\/marinhohermestreinamentos.com.br\/mh\/workshops\/","title":{"rendered":"Workshops"},"content":{"rendered":"\t\t<div data-elementor-type=\"wp-page\" data-elementor-id=\"1989\" class=\"elementor elementor-1989\">\n\t\t\t\t\t\t<section class=\"elementor-section elementor-top-section elementor-element elementor-element-4f9bbbf7 elementor-section-boxed elementor-section-height-default elementor-section-height-default\" data-id=\"4f9bbbf7\" data-element_type=\"section\" data-e-type=\"section\">\n\t\t\t\t\t\t<div class=\"elementor-container elementor-column-gap-default\">\n\t\t\t\t\t<div class=\"elementor-column elementor-col-100 elementor-top-column elementor-element elementor-element-7a870c9c\" data-id=\"7a870c9c\" data-element_type=\"column\" data-e-type=\"column\">\n\t\t\t<div class=\"elementor-widget-wrap elementor-element-populated\">\n\t\t\t\t\t\t<section class=\"elementor-section elementor-inner-section elementor-element elementor-element-77ec5c7a elementor-section-boxed elementor-section-height-default elementor-section-height-default\" data-id=\"77ec5c7a\" data-element_type=\"section\" data-e-type=\"section\">\n\t\t\t\t\t\t<div class=\"elementor-container elementor-column-gap-default\">\n\t\t\t\t\t<div class=\"elementor-column elementor-col-50 elementor-inner-column elementor-element elementor-element-3ec2530\" data-id=\"3ec2530\" data-element_type=\"column\" data-e-type=\"column\">\n\t\t\t<div class=\"elementor-widget-wrap elementor-element-populated\">\n\t\t\t\t\t\t<div class=\"elementor-element elementor-element-4a19ce1a elementor-widget elementor-widget-heading\" data-id=\"4a19ce1a\" data-element_type=\"widget\" data-e-type=\"widget\" data-widget_type=\"heading.default\">\n\t\t\t\t<div class=\"elementor-widget-container\">\n\t\t\t\t\t<h1 class=\"elementor-heading-title elementor-size-default\"><a href=\"http:\/\/workshops\">WORKSHOPS<\/a><\/h1>\t\t\t\t<\/div>\n\t\t\t\t<\/div>\n\t\t\t\t<div class=\"elementor-element elementor-element-76177abb elementor-widget elementor-widget-heading\" data-id=\"76177abb\" data-element_type=\"widget\" data-e-type=\"widget\" data-widget_type=\"heading.default\">\n\t\t\t\t<div class=\"elementor-widget-container\">\n\t\t\t\t\t<h2 class=\"elementor-heading-title elementor-size-default\">O Workshop \u00e9 uma excelente alternativa para manter sua equipe treinada, focada e em constante desenvolvimento com baixo valor de investimento. Diferentemente do que muitos pensam, o workshop gera sim resultados!<\/h2>\t\t\t\t<\/div>\n\t\t\t\t<\/div>\n\t\t\t\t<div class=\"elementor-element elementor-element-37102ce8 elementor-widget elementor-widget-heading\" data-id=\"37102ce8\" data-element_type=\"widget\" data-e-type=\"widget\" data-widget_type=\"heading.default\">\n\t\t\t\t<div class=\"elementor-widget-container\">\n\t\t\t\t\t<h2 class=\"elementor-heading-title elementor-size-default\">Isso acontece quando os profissionais adequados treinam sua equipe com metodologia e atividades pr\u00e1ticas, como no nosso caso. Fique ligado: workshop n\u00e3o \u00e9 palestra! Workshop \u00e9 um mini treinamento em \u00e1reas espec\u00edficas, por isso conta com prazo de dura\u00e7\u00e3o reduzido.<\/h2>\t\t\t\t<\/div>\n\t\t\t\t<\/div>\n\t\t\t\t<div class=\"elementor-element elementor-element-d99c1e8 elementor-widget elementor-widget-heading\" data-id=\"d99c1e8\" data-element_type=\"widget\" data-e-type=\"widget\" data-widget_type=\"heading.default\">\n\t\t\t\t<div class=\"elementor-widget-container\">\n\t\t\t\t\t<h2 class=\"elementor-heading-title elementor-size-default\">Enquanto alguns esperam conseguir um valor de investimento maior para treinar suas equipes em treinamentos mais completos, o que pode levar v\u00e1rios meses, outros treinam mensalmente suas equipes, com baixo investimento e se mant\u00e9m atualizados e focados no mercado competitivo.<\/h2>\t\t\t\t<\/div>\n\t\t\t\t<\/div>\n\t\t\t\t<div class=\"elementor-element elementor-element-80ba0cb elementor-widget elementor-widget-heading\" data-id=\"80ba0cb\" data-element_type=\"widget\" data-e-type=\"widget\" data-widget_type=\"heading.default\">\n\t\t\t\t<div class=\"elementor-widget-container\">\n\t\t\t\t\t<h2 class=\"elementor-heading-title elementor-size-default\">Falta de dinheiro n\u00e3o pode ser sua desculpa para n\u00e3o treinar seu time! Eles s\u00e3o a maior riqueza de sua empresa. Oferecemos v\u00e1rios temas para workshops customizados para sua empresa.<\/h2>\t\t\t\t<\/div>\n\t\t\t\t<\/div>\n\t\t\t\t\t<\/div>\n\t\t<\/div>\n\t\t\t\t<div class=\"elementor-column elementor-col-50 elementor-inner-column elementor-element elementor-element-4ed6f7b1\" data-id=\"4ed6f7b1\" data-element_type=\"column\" data-e-type=\"column\">\n\t\t\t<div class=\"elementor-widget-wrap elementor-element-populated\">\n\t\t\t\t\t\t<div class=\"elementor-element elementor-element-66cb59c6 elementor-widget elementor-widget-tfcarousel\" data-id=\"66cb59c6\" data-element_type=\"widget\" data-e-type=\"widget\" data-widget_type=\"tfcarousel.default\">\n\t\t\t\t<div class=\"elementor-widget-container\">\n\t\t\t\t\t\t\t<div class=\"tf-carousel-box has-arrow no-bullets\" data-loop=\"yes\" data-auto=\"\" data-column=\"1\" data-column2=\"1\" data-column3=\"1\" data-spacer=\"\" data-prev_icon=\"fa fa-chevron-left\" data-next_icon=\"fa fa-chevron-right\">\r\n\t\t\t<div class=\"owl-carousel owl-theme\">\r\n\t\t\t\t\t\t\t\t\t\t\t\t<div class=\"item\"><img decoding=\"async\" src=\"https:\/\/marinhohermestreinamentos.com.br\/mh\/wp-content\/uploads\/2022\/10\/IMG_6171-scaled.jpg\" alt=\"image\"><\/div>\r\n\t\t\t\t\t\t\t\t\t\t\t\t\t\t\t\t<div class=\"item\"><img decoding=\"async\" src=\"https:\/\/marinhohermestreinamentos.com.br\/mh\/wp-content\/uploads\/2022\/10\/IMG_6038-scaled.jpg\" alt=\"image\"><\/div>\r\n\t\t\t\t\t\t\t\t\t\t\t\t\t\t\t\t<div class=\"item\"><img decoding=\"async\" src=\"https:\/\/marinhohermestreinamentos.com.br\/mh\/wp-content\/uploads\/2022\/10\/IMG_6036-scaled.jpg\" alt=\"image\"><\/div>\r\n\t\t\t\t\t\t\t\t\t\t\t\t\t\t\t\t<div class=\"item\"><img decoding=\"async\" src=\"https:\/\/marinhohermestreinamentos.com.br\/mh\/wp-content\/uploads\/2022\/10\/IMG_6198-scaled.jpg\" alt=\"image\"><\/div>\r\n\t\t\t\t\t\t\t\t\t\t\t\t\t\t\t\t<div class=\"item\"><img decoding=\"async\" src=\"https:\/\/marinhohermestreinamentos.com.br\/mh\/wp-content\/uploads\/2022\/10\/IMG_6066-scaled.jpg\" alt=\"image\"><\/div>\r\n\t\t\t\t\t\t\t\t\t\t\t\t\t\t\t\t<div class=\"item\"><img decoding=\"async\" src=\"https:\/\/marinhohermestreinamentos.com.br\/mh\/wp-content\/uploads\/2022\/10\/IMG_6113-scaled.jpg\" alt=\"image\"><\/div>\r\n\t\t\t\t\t\t\t\t\t\t\t\t\t\t\t\t<div class=\"item\"><img decoding=\"async\" src=\"https:\/\/marinhohermestreinamentos.com.br\/mh\/wp-content\/uploads\/2022\/10\/IMG_6112-scaled.jpg\" alt=\"image\"><\/div>\r\n\t\t\t\t\t\t\t\t\t\t\t\t\t\t\t\t<div class=\"item\"><img decoding=\"async\" src=\"https:\/\/marinhohermestreinamentos.com.br\/mh\/wp-content\/uploads\/2022\/10\/IMG_6210-scaled.jpg\" alt=\"image\"><\/div>\r\n\t\t\t\t\t\t\t\t\t\t\t\t\t\t\t\t<div class=\"item\"><img decoding=\"async\" src=\"https:\/\/marinhohermestreinamentos.com.br\/mh\/wp-content\/uploads\/2022\/10\/IMG_6044-scaled.jpg\" alt=\"image\"><\/div>\r\n\t\t\t\t\t\t\t\t\t\t\t\t\t\t<div class=\"owl-nav\">\r\n\t\t\t\t\t<div class=\"tf-car-prev\"><i class=\"fa fa-chevron-left\"><\/i><\/div>\r\n\t\t\t\t\t<div class=\"tf-car-next\"><i class=\"fa fa-chevron-right\"><\/i><\/div>\r\n\t\t\t\t<\/div>\r\n\t\t\t\t\r\n\t\t\t<\/div>\r\n\t\t<\/div>\r\n\t\t\t\t\t\t<\/div>\n\t\t\t\t<\/div>\n\t\t\t\t\t<\/div>\n\t\t<\/div>\n\t\t\t\t\t<\/div>\n\t\t<\/section>\n\t\t\t\t<section class=\"elementor-section elementor-inner-section elementor-element elementor-element-754fddb0 elementor-section-boxed elementor-section-height-default elementor-section-height-default\" data-id=\"754fddb0\" data-element_type=\"section\" data-e-type=\"section\">\n\t\t\t\t\t\t<div class=\"elementor-container elementor-column-gap-default\">\n\t\t\t\t\t<div class=\"elementor-column elementor-col-100 elementor-inner-column elementor-element elementor-element-75e7e0b2\" data-id=\"75e7e0b2\" data-element_type=\"column\" data-e-type=\"column\">\n\t\t\t<div class=\"elementor-widget-wrap elementor-element-populated\">\n\t\t\t\t\t\t<div class=\"elementor-element elementor-element-5c88c614 elementor-widget elementor-widget-heading\" data-id=\"5c88c614\" data-element_type=\"widget\" data-e-type=\"widget\" data-widget_type=\"heading.default\">\n\t\t\t\t<div class=\"elementor-widget-container\">\n\t\t\t\t\t<h2 class=\"elementor-heading-title elementor-size-default\">Conte\u00fado do programa<\/h2>\t\t\t\t<\/div>\n\t\t\t\t<\/div>\n\t\t\t\t<div class=\"elementor-element elementor-element-23556ef1 elementor-widget elementor-widget-heading\" data-id=\"23556ef1\" data-element_type=\"widget\" data-e-type=\"widget\" data-widget_type=\"heading.default\">\n\t\t\t\t<div class=\"elementor-widget-container\">\n\t\t\t\t\t<h2 class=\"elementor-heading-title elementor-size-default\"><STRONG>Os temas mais pedidos s\u00e3o:<\/STRONG><\/h2>\t\t\t\t<\/div>\n\t\t\t\t<\/div>\n\t\t\t\t<div class=\"elementor-element elementor-element-82f77ff elementor-widget elementor-widget-text-editor\" data-id=\"82f77ff\" data-element_type=\"widget\" data-e-type=\"widget\" data-widget_type=\"text-editor.default\">\n\t\t\t\t<div class=\"elementor-widget-container\">\n\t\t\t\t\t\t\t\t\t<ul><li>Adaptar-se \u00e0s mudan\u00e7as \u2013 l\u00edderes (como implantar mudan\u00e7as em sua empresa);<\/li><li>Conhecer o que motiva o cliente e fechar a venda;<\/li><li>Vendas \u2013 obtendo resultado em curto prazo;<\/li><li>Vendas B2B;<\/li><li>Base das compet\u00eancias em vendas;<\/li><li>Administra\u00e7\u00e3o e organiza\u00e7\u00e3o do tempo;<\/li><li>Motiva\u00e7\u00e3o para novos resultados;<\/li><li>Aprenda como engajar sua equipe;<\/li><li>Vencendo as cren\u00e7as limitantes;<\/li><li>Como administrar conflitos e comunicar-se com diplomacia;<\/li><li>Conflitos \u2013 como manter o controle emocional;<\/li><li>Habilidades pr\u00e1ticas de comunica\u00e7\u00e3o;<\/li><li>Aprenda a discursar em p\u00fablico;<\/li><li>Atendimento ao cliente;<\/li><li>M\u00e9todos de feedback para equipes;<\/li><li>Conduzir reuni\u00f5es eficazmente;<\/li><li>Estabelecer e planejar objetivos a curto prazo;<\/li><li>Do autoconhecimento ao conhecimento;<\/li><li>Liderar: o impacto da influ\u00eancia positiva na equipe;<\/li><li>Como definir e medir o desempenho da equipe;<\/li><li>Aprenda a delegar;<\/li><li>Torne-se inesquec\u00edvel.<\/li><\/ul>\t\t\t\t\t\t\t\t<\/div>\n\t\t\t\t<\/div>\n\t\t\t\t<div class=\"elementor-element elementor-element-6f6c805a elementor-widget elementor-widget-heading\" data-id=\"6f6c805a\" data-element_type=\"widget\" data-e-type=\"widget\" data-widget_type=\"heading.default\">\n\t\t\t\t<div class=\"elementor-widget-container\">\n\t\t\t\t\t<h2 class=\"elementor-heading-title elementor-size-default\">Dura\u00e7\u00e3o\n<\/h2>\t\t\t\t<\/div>\n\t\t\t\t<\/div>\n\t\t\t\t<div class=\"elementor-element elementor-element-63438cf7 elementor-widget elementor-widget-heading\" data-id=\"63438cf7\" data-element_type=\"widget\" data-e-type=\"widget\" data-widget_type=\"heading.default\">\n\t\t\t\t<div class=\"elementor-widget-container\">\n\t\t\t\t\t<h2 class=\"elementor-heading-title elementor-size-default\">M\u00ednimo 4 h\/aula e m\u00e1ximo 8 h\/aula a depender do tema escolhido<\/BR>\nPresencial ou online via plataforma Zoom.<\/h2>\t\t\t\t<\/div>\n\t\t\t\t<\/div>\n\t\t\t\t<div class=\"elementor-element elementor-element-f7e1b2b elementor-widget-tablet__width-inherit elementor-align-center elementor-icon-list--layout-traditional elementor-list-item-link-full_width elementor-widget elementor-widget-icon-list\" data-id=\"f7e1b2b\" data-element_type=\"widget\" data-e-type=\"widget\" data-widget_type=\"icon-list.default\">\n\t\t\t\t<div class=\"elementor-widget-container\">\n\t\t\t\t\t\t\t<ul class=\"elementor-icon-list-items\">\n\t\t\t\t\t\t\t<li class=\"elementor-icon-list-item\">\n\t\t\t\t\t\t\t\t\t\t\t<a href=\"https:\/\/api.whatsapp.com\/send?phone=5577988251696\" target=\"_blank\">\n\n\t\t\t\t\t\t\t\t\t\t\t\t<span class=\"elementor-icon-list-icon\">\n\t\t\t\t\t\t\t<i aria-hidden=\"true\" class=\"fab fa-whatsapp\"><\/i>\t\t\t\t\t\t<\/span>\n\t\t\t\t\t\t\t\t\t\t<span class=\"elementor-icon-list-text\">Ainda tem d\u00favidas? Clique aqui e fale conosco<\/span>\n\t\t\t\t\t\t\t\t\t\t\t<\/a>\n\t\t\t\t\t\t\t\t\t<\/li>\n\t\t\t\t\t\t<\/ul>\n\t\t\t\t\t\t<\/div>\n\t\t\t\t<\/div>\n\t\t\t\t<div class=\"elementor-element elementor-element-7e16c862 elementor-widget elementor-widget-spacer\" data-id=\"7e16c862\" data-element_type=\"widget\" data-e-type=\"widget\" data-widget_type=\"spacer.default\">\n\t\t\t\t<div class=\"elementor-widget-container\">\n\t\t\t\t\t\t\t<div class=\"elementor-spacer\">\n\t\t\t<div class=\"elementor-spacer-inner\"><\/div>\n\t\t<\/div>\n\t\t\t\t\t\t<\/div>\n\t\t\t\t<\/div>\n\t\t\t\t\t<\/div>\n\t\t<\/div>\n\t\t\t\t\t<\/div>\n\t\t<\/section>\n\t\t\t\t\t<\/div>\n\t\t<\/div>\n\t\t\t\t\t<\/div>\n\t\t<\/section>\n\t\t\t\t<\/div>\n\t\t","protected":false},"excerpt":{"rendered":"<p>WORKSHOPS O Workshop \u00e9 uma excelente alternativa para manter sua equipe treinada, focada e em constante desenvolvimento com baixo valor de investimento. Diferentemente do que muitos pensam, o workshop gera sim resultados! Isso acontece quando os profissionais adequados treinam sua equipe com metodologia e atividades pr\u00e1ticas, como no nosso caso. Fique [&hellip;]<\/p>\n","protected":false},"author":1,"featured_media":0,"parent":0,"menu_order":0,"comment_status":"closed","ping_status":"closed","template":"elementor_header_footer","meta":{"footnotes":""},"class_list":["post-1989","page","type-page","status-publish","hentry"],"_links":{"self":[{"href":"https:\/\/marinhohermestreinamentos.com.br\/mh\/wp-json\/wp\/v2\/pages\/1989","targetHints":{"allow":["GET"]}}],"collection":[{"href":"https:\/\/marinhohermestreinamentos.com.br\/mh\/wp-json\/wp\/v2\/pages"}],"about":[{"href":"https:\/\/marinhohermestreinamentos.com.br\/mh\/wp-json\/wp\/v2\/types\/page"}],"author":[{"embeddable":true,"href":"https:\/\/marinhohermestreinamentos.com.br\/mh\/wp-json\/wp\/v2\/users\/1"}],"replies":[{"embeddable":true,"href":"https:\/\/marinhohermestreinamentos.com.br\/mh\/wp-json\/wp\/v2\/comments?post=1989"}],"version-history":[{"count":22,"href":"https:\/\/marinhohermestreinamentos.com.br\/mh\/wp-json\/wp\/v2\/pages\/1989\/revisions"}],"predecessor-version":[{"id":3201,"href":"https:\/\/marinhohermestreinamentos.com.br\/mh\/wp-json\/wp\/v2\/pages\/1989\/revisions\/3201"}],"wp:attachment":[{"href":"https:\/\/marinhohermestreinamentos.com.br\/mh\/wp-json\/wp\/v2\/media?parent=1989"}],"curies":[{"name":"wp","href":"https:\/\/api.w.org\/{rel}","templated":true}]}}