{"id":1994,"date":"2022-09-30T19:26:53","date_gmt":"2022-09-30T19:26:53","guid":{"rendered":"https:\/\/marinhohermestreinamentos.com.br\/mh\/?page_id=1994"},"modified":"2022-10-20T19:52:27","modified_gmt":"2022-10-20T19:52:27","slug":"coaching","status":"publish","type":"page","link":"https:\/\/marinhohermestreinamentos.com.br\/mh\/coaching\/","title":{"rendered":"Coaching"},"content":{"rendered":"\t\t<div data-elementor-type=\"wp-page\" data-elementor-id=\"1994\" class=\"elementor elementor-1994\">\n\t\t\t\t\t\t<section class=\"elementor-section elementor-top-section elementor-element elementor-element-1fb7b999 elementor-section-boxed elementor-section-height-default elementor-section-height-default\" data-id=\"1fb7b999\" data-element_type=\"section\" data-e-type=\"section\">\n\t\t\t\t\t\t<div class=\"elementor-container elementor-column-gap-default\">\n\t\t\t\t\t<div class=\"elementor-column elementor-col-100 elementor-top-column elementor-element elementor-element-51dc982f\" data-id=\"51dc982f\" data-element_type=\"column\" data-e-type=\"column\">\n\t\t\t<div class=\"elementor-widget-wrap elementor-element-populated\">\n\t\t\t\t\t\t<section class=\"elementor-section elementor-inner-section elementor-element elementor-element-4e3f0ebc elementor-section-boxed elementor-section-height-default elementor-section-height-default\" data-id=\"4e3f0ebc\" data-element_type=\"section\" data-e-type=\"section\">\n\t\t\t\t\t\t<div class=\"elementor-container elementor-column-gap-default\">\n\t\t\t\t\t<div class=\"elementor-column elementor-col-50 elementor-inner-column elementor-element elementor-element-495d8af0\" data-id=\"495d8af0\" data-element_type=\"column\" data-e-type=\"column\">\n\t\t\t<div class=\"elementor-widget-wrap elementor-element-populated\">\n\t\t\t\t\t\t<div class=\"elementor-element elementor-element-2e816d37 elementor-widget elementor-widget-heading\" data-id=\"2e816d37\" data-element_type=\"widget\" data-e-type=\"widget\" data-widget_type=\"heading.default\">\n\t\t\t\t<div class=\"elementor-widget-container\">\n\t\t\t\t\t<h1 class=\"elementor-heading-title elementor-size-default\">COACHING<\/h1>\t\t\t\t<\/div>\n\t\t\t\t<\/div>\n\t\t\t\t<div class=\"elementor-element elementor-element-30618bc5 elementor-widget elementor-widget-heading\" data-id=\"30618bc5\" data-element_type=\"widget\" data-e-type=\"widget\" data-widget_type=\"heading.default\">\n\t\t\t\t<div class=\"elementor-widget-container\">\n\t\t\t\t\t<h2 class=\"elementor-heading-title elementor-size-default\">PRESENCIAL OU ONLINE\n<\/h2>\t\t\t\t<\/div>\n\t\t\t\t<\/div>\n\t\t\t\t<div class=\"elementor-element elementor-element-31ac8c92 elementor-widget elementor-widget-heading\" data-id=\"31ac8c92\" data-element_type=\"widget\" data-e-type=\"widget\" data-widget_type=\"heading.default\">\n\t\t\t\t<div class=\"elementor-widget-container\">\n\t\t\t\t\t<h2 class=\"elementor-heading-title elementor-size-default\">O coaching \u00e9 um processo que se baseia no desenvolvimento de compet\u00eancias e habilidades do coachee (cliente) para o alcance de resultados planejados.<\/h2>\t\t\t\t<\/div>\n\t\t\t\t<\/div>\n\t\t\t\t<div class=\"elementor-element elementor-element-56efe000 elementor-widget elementor-widget-heading\" data-id=\"56efe000\" data-element_type=\"widget\" data-e-type=\"widget\" data-widget_type=\"heading.default\">\n\t\t\t\t<div class=\"elementor-widget-container\">\n\t\t\t\t\t<h2 class=\"elementor-heading-title elementor-size-default\">O Coaching se apresenta como uma alavanca poderosa para o desenvolvimento pessoal e profissional de qualquer pessoa, pois ele permite que o cliente passe a ter mais consci\u00eancia de suas a\u00e7\u00f5es, o que ir\u00e1 auxili\u00e1-lo a manter o foco e energia para alcan\u00e7ar os resultados pretendidos.<\/h2>\t\t\t\t<\/div>\n\t\t\t\t<\/div>\n\t\t\t\t<div class=\"elementor-element elementor-element-8072391 elementor-widget elementor-widget-heading\" data-id=\"8072391\" data-element_type=\"widget\" data-e-type=\"widget\" data-widget_type=\"heading.default\">\n\t\t\t\t<div class=\"elementor-widget-container\">\n\t\t\t\t\t<h2 class=\"elementor-heading-title elementor-size-default\">Compete tamb\u00e9m ao Coach conduzir o Couchee a identificar quais seus objetivos, quando estes n\u00e3o est\u00e3o claros o suficiente, tudo atrav\u00e9s de metodologia apropriada.<\/h2>\t\t\t\t<\/div>\n\t\t\t\t<\/div>\n\t\t\t\t<div class=\"elementor-element elementor-element-9afc4c3 elementor-widget elementor-widget-heading\" data-id=\"9afc4c3\" data-element_type=\"widget\" data-e-type=\"widget\" data-widget_type=\"heading.default\">\n\t\t\t\t<div class=\"elementor-widget-container\">\n\t\t\t\t\t<h2 class=\"elementor-heading-title elementor-size-default\">Consiste em acompanhamento individual onde o Coach ir\u00e1 direcionar o Couchee, atrav\u00e9s de t\u00e9cnicas claras, a chegar a um resultado espec\u00edfico almejado, e para isso precisa de um suporte metodol\u00f3gico oferecido pelo Coach. A cada passo, o Coachee dever\u00e1 apresentar resultados de tarefas ao Coach que demonstrar\u00e3o seu empenho em alcan\u00e7ar o resultado almejado dentro de prazos pr\u00e9- estabelecidos.<\/h2>\t\t\t\t<\/div>\n\t\t\t\t<\/div>\n\t\t\t\t<div class=\"elementor-element elementor-element-6e6a9d3 elementor-widget elementor-widget-heading\" data-id=\"6e6a9d3\" data-element_type=\"widget\" data-e-type=\"widget\" data-widget_type=\"heading.default\">\n\t\t\t\t<div class=\"elementor-widget-container\">\n\t\t\t\t\t<h2 class=\"elementor-heading-title elementor-size-default\">Os encontros entre Coach e Coachee podem ser semanais, quinzenais ou mensais,  onde apresentar\u00e1 tarefas definidas em parceria com seu cliente, para que este aja no sentido de alcan\u00e7ar as metas definidas, dentro do prazo determinado.<\/h2>\t\t\t\t<\/div>\n\t\t\t\t<\/div>\n\t\t\t\t\t<\/div>\n\t\t<\/div>\n\t\t\t\t<div class=\"elementor-column elementor-col-50 elementor-inner-column elementor-element elementor-element-fd13110\" data-id=\"fd13110\" data-element_type=\"column\" data-e-type=\"column\">\n\t\t\t<div class=\"elementor-widget-wrap elementor-element-populated\">\n\t\t\t\t\t\t<div class=\"elementor-element elementor-element-56ff22de elementor-widget elementor-widget-tfcarousel\" data-id=\"56ff22de\" data-element_type=\"widget\" data-e-type=\"widget\" data-widget_type=\"tfcarousel.default\">\n\t\t\t\t<div class=\"elementor-widget-container\">\n\t\t\t\t\t\t\t<div class=\"tf-carousel-box has-arrow no-bullets\" data-loop=\"yes\" data-auto=\"\" data-column=\"1\" data-column2=\"1\" data-column3=\"1\" data-spacer=\"\" data-prev_icon=\"fa fa-chevron-left\" data-next_icon=\"fa fa-chevron-right\">\r\n\t\t\t<div class=\"owl-carousel owl-theme\">\r\n\t\t\t\t\t\t\t\t\t\t\t\t<div class=\"item\"><img decoding=\"async\" src=\"https:\/\/marinhohermestreinamentos.com.br\/mh\/wp-content\/uploads\/2022\/10\/MarinhoHermes-coaching-1.jpg\" alt=\"image\"><\/div>\r\n\t\t\t\t\t\t\t\t\t\t\t\t\t\t<div class=\"owl-nav\">\r\n\t\t\t\t\t<div class=\"tf-car-prev\"><i class=\"fa fa-chevron-left\"><\/i><\/div>\r\n\t\t\t\t\t<div class=\"tf-car-next\"><i class=\"fa fa-chevron-right\"><\/i><\/div>\r\n\t\t\t\t<\/div>\r\n\t\t\t\t\r\n\t\t\t<\/div>\r\n\t\t<\/div>\r\n\t\t\t\t\t\t<\/div>\n\t\t\t\t<\/div>\n\t\t\t\t<div class=\"elementor-element elementor-element-3dd753dc elementor-widget elementor-widget-heading\" data-id=\"3dd753dc\" data-element_type=\"widget\" data-e-type=\"widget\" data-widget_type=\"heading.default\">\n\t\t\t\t<div class=\"elementor-widget-container\">\n\t\t\t\t\t<h2 class=\"elementor-heading-title elementor-size-default\">BAIXAR FOLDER DO TREINAMENTO<\/h2>\t\t\t\t<\/div>\n\t\t\t\t<\/div>\n\t\t\t\t<div class=\"elementor-element elementor-element-5505476f elementor-widget elementor-widget-heading\" data-id=\"5505476f\" data-element_type=\"widget\" data-e-type=\"widget\" data-widget_type=\"heading.default\">\n\t\t\t\t<div class=\"elementor-widget-container\">\n\t\t\t\t\t<h2 class=\"elementor-heading-title elementor-size-default\">Clique aqui e baixe o folder completo desse treinamento.<\/h2>\t\t\t\t<\/div>\n\t\t\t\t<\/div>\n\t\t\t\t<div class=\"elementor-element elementor-element-c3061e3 elementor-align-right elementor-widget elementor-widget-button\" data-id=\"c3061e3\" data-element_type=\"widget\" data-e-type=\"widget\" data-widget_type=\"button.default\">\n\t\t\t\t<div class=\"elementor-widget-container\">\n\t\t\t\t\t\t\t\t\t<div class=\"elementor-button-wrapper\">\n\t\t\t\t\t<a class=\"elementor-button elementor-button-link elementor-size-sm\" href=\"https:\/\/marinhohermestreinamentos.com.br\/mh\/wp-content\/uploads\/2022\/10\/02-Lamina-Coaching-e-Mentorias.pdf\" target=\"_blank\">\n\t\t\t\t\t\t<span class=\"elementor-button-content-wrapper\">\n\t\t\t\t\t\t<span class=\"elementor-button-icon\">\n\t\t\t\t<i aria-hidden=\"true\" class=\"far fa-file-pdf\"><\/i>\t\t\t<\/span>\n\t\t\t\t\t\t\t\t\t<span class=\"elementor-button-text\">Downlaod .PDF<\/span>\n\t\t\t\t\t<\/span>\n\t\t\t\t\t<\/a>\n\t\t\t\t<\/div>\n\t\t\t\t\t\t\t\t<\/div>\n\t\t\t\t<\/div>\n\t\t\t\t<div class=\"elementor-element elementor-element-6c31308f elementor-widget-divider--view-line elementor-widget elementor-widget-divider\" data-id=\"6c31308f\" data-element_type=\"widget\" data-e-type=\"widget\" data-widget_type=\"divider.default\">\n\t\t\t\t<div class=\"elementor-widget-container\">\n\t\t\t\t\t\t\t<div class=\"elementor-divider\">\n\t\t\t<span class=\"elementor-divider-separator\">\n\t\t\t\t\t\t<\/span>\n\t\t<\/div>\n\t\t\t\t\t\t<\/div>\n\t\t\t\t<\/div>\n\t\t\t\t\t<\/div>\n\t\t<\/div>\n\t\t\t\t\t<\/div>\n\t\t<\/section>\n\t\t\t\t<section class=\"elementor-section elementor-inner-section elementor-element elementor-element-34244265 elementor-section-boxed elementor-section-height-default elementor-section-height-default\" data-id=\"34244265\" data-element_type=\"section\" data-e-type=\"section\">\n\t\t\t\t\t\t<div class=\"elementor-container elementor-column-gap-default\">\n\t\t\t\t\t<div class=\"elementor-column elementor-col-100 elementor-inner-column elementor-element elementor-element-6bdab26\" data-id=\"6bdab26\" data-element_type=\"column\" data-e-type=\"column\">\n\t\t\t<div class=\"elementor-widget-wrap elementor-element-populated\">\n\t\t\t\t\t\t<div class=\"elementor-element elementor-element-2ea036ac elementor-widget elementor-widget-heading\" data-id=\"2ea036ac\" data-element_type=\"widget\" data-e-type=\"widget\" data-widget_type=\"heading.default\">\n\t\t\t\t<div class=\"elementor-widget-container\">\n\t\t\t\t\t<h2 class=\"elementor-heading-title elementor-size-default\">DURA\u00c7\u00c3O<\/h2>\t\t\t\t<\/div>\n\t\t\t\t<\/div>\n\t\t\t\t<div class=\"elementor-element elementor-element-ea50796 elementor-widget elementor-widget-text-editor\" data-id=\"ea50796\" data-element_type=\"widget\" data-e-type=\"widget\" data-widget_type=\"text-editor.default\">\n\t\t\t\t<div class=\"elementor-widget-container\">\n\t\t\t\t\t\t\t\t\t<ul><li>Dura\u00e7\u00e3o: m\u00ednimo 08 sess\u00f5es de 1 hora, podendo ser semanais ou quinzenais.<\/li><li>\u00c1reas para Coaching: \u00e1reas diversas.<\/li><li>N\u00e3o inclui certificado.<\/li><li>O tempo de dura\u00e7\u00e3o \u00e9 de acordo com o projeto de cada Coachee.<\/li><\/ul>\t\t\t\t\t\t\t\t<\/div>\n\t\t\t\t<\/div>\n\t\t\t\t<div class=\"elementor-element elementor-element-f5ce9cb elementor-widget-tablet__width-inherit elementor-align-center elementor-icon-list--layout-traditional elementor-list-item-link-full_width elementor-widget elementor-widget-icon-list\" data-id=\"f5ce9cb\" data-element_type=\"widget\" data-e-type=\"widget\" data-widget_type=\"icon-list.default\">\n\t\t\t\t<div class=\"elementor-widget-container\">\n\t\t\t\t\t\t\t<ul class=\"elementor-icon-list-items\">\n\t\t\t\t\t\t\t<li class=\"elementor-icon-list-item\">\n\t\t\t\t\t\t\t\t\t\t\t<a href=\"https:\/\/api.whatsapp.com\/send?phone=5577988251696\" target=\"_blank\">\n\n\t\t\t\t\t\t\t\t\t\t\t\t<span class=\"elementor-icon-list-icon\">\n\t\t\t\t\t\t\t<i aria-hidden=\"true\" class=\"fab fa-whatsapp\"><\/i>\t\t\t\t\t\t<\/span>\n\t\t\t\t\t\t\t\t\t\t<span class=\"elementor-icon-list-text\">Ainda tem d\u00favidas? Clique aqui e fale conosco<\/span>\n\t\t\t\t\t\t\t\t\t\t\t<\/a>\n\t\t\t\t\t\t\t\t\t<\/li>\n\t\t\t\t\t\t<\/ul>\n\t\t\t\t\t\t<\/div>\n\t\t\t\t<\/div>\n\t\t\t\t<div class=\"elementor-element elementor-element-76349ea4 elementor-widget elementor-widget-spacer\" data-id=\"76349ea4\" data-element_type=\"widget\" data-e-type=\"widget\" data-widget_type=\"spacer.default\">\n\t\t\t\t<div class=\"elementor-widget-container\">\n\t\t\t\t\t\t\t<div class=\"elementor-spacer\">\n\t\t\t<div class=\"elementor-spacer-inner\"><\/div>\n\t\t<\/div>\n\t\t\t\t\t\t<\/div>\n\t\t\t\t<\/div>\n\t\t\t\t\t<\/div>\n\t\t<\/div>\n\t\t\t\t\t<\/div>\n\t\t<\/section>\n\t\t\t\t\t<\/div>\n\t\t<\/div>\n\t\t\t\t\t<\/div>\n\t\t<\/section>\n\t\t\t\t<\/div>\n\t\t","protected":false},"excerpt":{"rendered":"<p>COACHING PRESENCIAL OU ONLINE O coaching \u00e9 um processo que se baseia no desenvolvimento de compet\u00eancias e habilidades do coachee (cliente) para o alcance de resultados planejados. O Coaching se apresenta como uma alavanca poderosa para o desenvolvimento pessoal e profissional de qualquer pessoa, pois ele permite que o cliente passe [&hellip;]<\/p>\n","protected":false},"author":1,"featured_media":0,"parent":0,"menu_order":0,"comment_status":"closed","ping_status":"closed","template":"elementor_header_footer","meta":{"footnotes":""},"class_list":["post-1994","page","type-page","status-publish","hentry"],"_links":{"self":[{"href":"https:\/\/marinhohermestreinamentos.com.br\/mh\/wp-json\/wp\/v2\/pages\/1994","targetHints":{"allow":["GET"]}}],"collection":[{"href":"https:\/\/marinhohermestreinamentos.com.br\/mh\/wp-json\/wp\/v2\/pages"}],"about":[{"href":"https:\/\/marinhohermestreinamentos.com.br\/mh\/wp-json\/wp\/v2\/types\/page"}],"author":[{"embeddable":true,"href":"https:\/\/marinhohermestreinamentos.com.br\/mh\/wp-json\/wp\/v2\/users\/1"}],"replies":[{"embeddable":true,"href":"https:\/\/marinhohermestreinamentos.com.br\/mh\/wp-json\/wp\/v2\/comments?post=1994"}],"version-history":[{"count":28,"href":"https:\/\/marinhohermestreinamentos.com.br\/mh\/wp-json\/wp\/v2\/pages\/1994\/revisions"}],"predecessor-version":[{"id":3204,"href":"https:\/\/marinhohermestreinamentos.com.br\/mh\/wp-json\/wp\/v2\/pages\/1994\/revisions\/3204"}],"wp:attachment":[{"href":"https:\/\/marinhohermestreinamentos.com.br\/mh\/wp-json\/wp\/v2\/media?parent=1994"}],"curies":[{"name":"wp","href":"https:\/\/api.w.org\/{rel}","templated":true}]}}