{"id":1996,"date":"2022-09-30T19:28:42","date_gmt":"2022-09-30T19:28:42","guid":{"rendered":"https:\/\/marinhohermestreinamentos.com.br\/mh\/?page_id=1996"},"modified":"2022-10-20T19:50:27","modified_gmt":"2022-10-20T19:50:27","slug":"solucoes-individuais-ou-corporativas","status":"publish","type":"page","link":"https:\/\/marinhohermestreinamentos.com.br\/mh\/solucoes-individuais-ou-corporativas\/","title":{"rendered":"Solu\u00e7\u00f5es Individuais ou Corporativas"},"content":{"rendered":"\t\t<div data-elementor-type=\"wp-page\" data-elementor-id=\"1996\" class=\"elementor elementor-1996\">\n\t\t\t\t\t\t<section class=\"elementor-section elementor-top-section elementor-element elementor-element-7c6501a elementor-section-boxed elementor-section-height-default elementor-section-height-default\" data-id=\"7c6501a\" data-element_type=\"section\" data-e-type=\"section\">\n\t\t\t\t\t\t<div class=\"elementor-container elementor-column-gap-default\">\n\t\t\t\t\t<div class=\"elementor-column elementor-col-100 elementor-top-column elementor-element elementor-element-1a9faf22\" data-id=\"1a9faf22\" data-element_type=\"column\" data-e-type=\"column\">\n\t\t\t<div class=\"elementor-widget-wrap elementor-element-populated\">\n\t\t\t\t\t\t<section class=\"elementor-section elementor-inner-section elementor-element elementor-element-a093947 elementor-section-boxed elementor-section-height-default elementor-section-height-default\" data-id=\"a093947\" data-element_type=\"section\" data-e-type=\"section\">\n\t\t\t\t\t\t<div class=\"elementor-container elementor-column-gap-default\">\n\t\t\t\t\t<div class=\"elementor-column elementor-col-50 elementor-inner-column elementor-element elementor-element-1ff6c84e\" data-id=\"1ff6c84e\" data-element_type=\"column\" data-e-type=\"column\">\n\t\t\t<div class=\"elementor-widget-wrap elementor-element-populated\">\n\t\t\t\t\t\t<div class=\"elementor-element elementor-element-57f3394e elementor-widget elementor-widget-heading\" data-id=\"57f3394e\" data-element_type=\"widget\" data-e-type=\"widget\" data-widget_type=\"heading.default\">\n\t\t\t\t<div class=\"elementor-widget-container\">\n\t\t\t\t\t<h1 class=\"elementor-heading-title elementor-size-default\">SOLU\u00c7\u00d5ES INDIVIDUAIS OU CORPORATIVAS<\/h1>\t\t\t\t<\/div>\n\t\t\t\t<\/div>\n\t\t\t\t<div class=\"elementor-element elementor-element-699cdaa elementor-widget elementor-widget-heading\" data-id=\"699cdaa\" data-element_type=\"widget\" data-e-type=\"widget\" data-widget_type=\"heading.default\">\n\t\t\t\t<div class=\"elementor-widget-container\">\n\t\t\t\t\t<h2 class=\"elementor-heading-title elementor-size-default\">Qualquer pessoa, em alguma \u00e9poca da vida, pode entrar em um ciclo de d\u00favidas e incertezas, ou at\u00e9 mesmo momentos de frustra\u00e7\u00e3o e des\u00e2nimo, e mesmo com boa vontade e foco, a vida parece sem dire\u00e7\u00e3o e as coisas parecem ficar estagnadas e nenhuma a\u00e7\u00e3o parece ser bem-sucedida.<\/h2>\t\t\t\t<\/div>\n\t\t\t\t<\/div>\n\t\t\t\t<div class=\"elementor-element elementor-element-18b7449a elementor-widget elementor-widget-heading\" data-id=\"18b7449a\" data-element_type=\"widget\" data-e-type=\"widget\" data-widget_type=\"heading.default\">\n\t\t\t\t<div class=\"elementor-widget-container\">\n\t\t\t\t\t<h2 class=\"elementor-heading-title elementor-size-default\">Em momentos como esse, h\u00e1 m\u00e9todos e ferramentas de desenvolvimento pessoal e profissional realmente capazes de ajudar o indiv\u00edduo a enxergar as possibilidades, tomar decis\u00f5es, se manter motivado, alcan\u00e7ar suas metas e seus objetivos e levar a equipe a melhores desempenhos, como \u00e9 o caso dos Treinamentos, Coaching, Mentoring e Avalia\u00e7\u00f5es de Desempenho.<\/h2>\t\t\t\t<\/div>\n\t\t\t\t<\/div>\n\t\t\t\t<div class=\"elementor-element elementor-element-6ee602d elementor-widget elementor-widget-heading\" data-id=\"6ee602d\" data-element_type=\"widget\" data-e-type=\"widget\" data-widget_type=\"heading.default\">\n\t\t\t\t<div class=\"elementor-widget-container\">\n\t\t\t\t\t<h2 class=\"elementor-heading-title elementor-size-default\">Cada um desses m\u00e9todos se apresenta como uma valiosa ferramenta, com objetivos distintos, que ir\u00e1 auxiliar as pessoas no dia a dia, seja na vida pessoal ou profissional e lhes garantir mais qualidade de vida e melhor desempenho.<\/h2>\t\t\t\t<\/div>\n\t\t\t\t<\/div>\n\t\t\t\t<div class=\"elementor-element elementor-element-d14d4b9 elementor-widget elementor-widget-heading\" data-id=\"d14d4b9\" data-element_type=\"widget\" data-e-type=\"widget\" data-widget_type=\"heading.default\">\n\t\t\t\t<div class=\"elementor-widget-container\">\n\t\t\t\t\t<h2 class=\"elementor-heading-title elementor-size-default\">Os treinamentos em turmas abertas, atendem necessidades individuais de pessoas e profissionais das mais diversas \u00e1reas de atua\u00e7\u00e3o.<\/h2>\t\t\t\t<\/div>\n\t\t\t\t<\/div>\n\t\t\t\t<div class=\"elementor-element elementor-element-e744aee elementor-widget elementor-widget-heading\" data-id=\"e744aee\" data-element_type=\"widget\" data-e-type=\"widget\" data-widget_type=\"heading.default\">\n\t\t\t\t<div class=\"elementor-widget-container\">\n\t\t\t\t\t<h2 class=\"elementor-heading-title elementor-size-default\">Se a necessidade for a busca por solu\u00e7\u00f5es corporativas, atendemos por demanda, ou seja, preparamos um projeto de desenvolvimento adequado \u00e0s necessidades espec\u00edficas de sua empresa ou fazenda.<\/h2>\t\t\t\t<\/div>\n\t\t\t\t<\/div>\n\t\t\t\t\t<\/div>\n\t\t<\/div>\n\t\t\t\t<div class=\"elementor-column elementor-col-50 elementor-inner-column elementor-element elementor-element-20c650a3\" data-id=\"20c650a3\" data-element_type=\"column\" data-e-type=\"column\">\n\t\t\t<div class=\"elementor-widget-wrap elementor-element-populated\">\n\t\t\t\t\t\t<div class=\"elementor-element elementor-element-1c37681 elementor-widget elementor-widget-tfcarousel\" data-id=\"1c37681\" data-element_type=\"widget\" data-e-type=\"widget\" data-widget_type=\"tfcarousel.default\">\n\t\t\t\t<div class=\"elementor-widget-container\">\n\t\t\t\t\t\t\t<div class=\"tf-carousel-box has-arrow no-bullets\" data-loop=\"yes\" data-auto=\"\" data-column=\"1\" data-column2=\"1\" data-column3=\"1\" data-spacer=\"\" data-prev_icon=\"fa fa-chevron-left\" data-next_icon=\"fa fa-chevron-right\">\r\n\t\t\t<div class=\"owl-carousel owl-theme\">\r\n\t\t\t\t\t\t\t\t\t\t\t\t<div class=\"item\"><img decoding=\"async\" src=\"https:\/\/marinhohermestreinamentos.com.br\/mh\/wp-content\/uploads\/2022\/10\/1-2.jpg\" alt=\"image\"><\/div>\r\n\t\t\t\t\t\t\t\t\t\t\t\t\t\t\t\t<div class=\"item\"><img decoding=\"async\" src=\"https:\/\/marinhohermestreinamentos.com.br\/mh\/wp-content\/uploads\/2022\/10\/2-2.jpg\" alt=\"image\"><\/div>\r\n\t\t\t\t\t\t\t\t\t\t\t\t\t\t\t\t<div class=\"item\"><img decoding=\"async\" src=\"https:\/\/marinhohermestreinamentos.com.br\/mh\/wp-content\/uploads\/2022\/10\/3-2.jpg\" alt=\"image\"><\/div>\r\n\t\t\t\t\t\t\t\t\t\t\t\t\t\t\t\t<div class=\"item\"><img decoding=\"async\" src=\"https:\/\/marinhohermestreinamentos.com.br\/mh\/wp-content\/uploads\/2022\/10\/4-2.jpg\" alt=\"image\"><\/div>\r\n\t\t\t\t\t\t\t\t\t\t\t\t\t\t\t\t<div class=\"item\"><img decoding=\"async\" src=\"https:\/\/marinhohermestreinamentos.com.br\/mh\/wp-content\/uploads\/2022\/10\/5.jpg\" alt=\"image\"><\/div>\r\n\t\t\t\t\t\t\t\t\t\t\t\t\t\t\t\t<div class=\"item\"><img decoding=\"async\" src=\"https:\/\/marinhohermestreinamentos.com.br\/mh\/wp-content\/uploads\/2022\/10\/6.jpg\" alt=\"image\"><\/div>\r\n\t\t\t\t\t\t\t\t\t\t\t\t\t\t\t\t<div class=\"item\"><img decoding=\"async\" src=\"https:\/\/marinhohermestreinamentos.com.br\/mh\/wp-content\/uploads\/2022\/10\/7.jpg\" alt=\"image\"><\/div>\r\n\t\t\t\t\t\t\t\t\t\t\t\t\t\t\t\t<div class=\"item\"><img decoding=\"async\" src=\"https:\/\/marinhohermestreinamentos.com.br\/mh\/wp-content\/uploads\/2022\/10\/9.jpg\" alt=\"image\"><\/div>\r\n\t\t\t\t\t\t\t\t\t\t\t\t\t\t<div class=\"owl-nav\">\r\n\t\t\t\t\t<div class=\"tf-car-prev\"><i class=\"fa fa-chevron-left\"><\/i><\/div>\r\n\t\t\t\t\t<div class=\"tf-car-next\"><i class=\"fa fa-chevron-right\"><\/i><\/div>\r\n\t\t\t\t<\/div>\r\n\t\t\t\t\r\n\t\t\t<\/div>\r\n\t\t<\/div>\r\n\t\t\t\t\t\t<\/div>\n\t\t\t\t<\/div>\n\t\t\t\t\t<\/div>\n\t\t<\/div>\n\t\t\t\t\t<\/div>\n\t\t<\/section>\n\t\t\t\t<section class=\"elementor-section elementor-inner-section elementor-element elementor-element-5f7e6802 elementor-section-boxed elementor-section-height-default elementor-section-height-default\" data-id=\"5f7e6802\" data-element_type=\"section\" data-e-type=\"section\">\n\t\t\t\t\t\t<div class=\"elementor-container elementor-column-gap-default\">\n\t\t\t\t\t<div class=\"elementor-column elementor-col-100 elementor-inner-column elementor-element elementor-element-13683454\" data-id=\"13683454\" data-element_type=\"column\" data-e-type=\"column\">\n\t\t\t<div class=\"elementor-widget-wrap elementor-element-populated\">\n\t\t\t\t\t\t<div class=\"elementor-element elementor-element-621f3a9 elementor-widget-tablet__width-inherit elementor-align-center elementor-icon-list--layout-traditional elementor-list-item-link-full_width elementor-widget elementor-widget-icon-list\" data-id=\"621f3a9\" data-element_type=\"widget\" data-e-type=\"widget\" data-widget_type=\"icon-list.default\">\n\t\t\t\t<div class=\"elementor-widget-container\">\n\t\t\t\t\t\t\t<ul class=\"elementor-icon-list-items\">\n\t\t\t\t\t\t\t<li class=\"elementor-icon-list-item\">\n\t\t\t\t\t\t\t\t\t\t\t<a href=\"https:\/\/api.whatsapp.com\/send?phone=5577988251696\" target=\"_blank\">\n\n\t\t\t\t\t\t\t\t\t\t\t\t<span class=\"elementor-icon-list-icon\">\n\t\t\t\t\t\t\t<i aria-hidden=\"true\" class=\"fab fa-whatsapp\"><\/i>\t\t\t\t\t\t<\/span>\n\t\t\t\t\t\t\t\t\t\t<span class=\"elementor-icon-list-text\">Ainda tem d\u00favidas? Clique aqui e fale conosco<\/span>\n\t\t\t\t\t\t\t\t\t\t\t<\/a>\n\t\t\t\t\t\t\t\t\t<\/li>\n\t\t\t\t\t\t<\/ul>\n\t\t\t\t\t\t<\/div>\n\t\t\t\t<\/div>\n\t\t\t\t<div class=\"elementor-element elementor-element-10f0226e elementor-widget elementor-widget-spacer\" data-id=\"10f0226e\" data-element_type=\"widget\" data-e-type=\"widget\" data-widget_type=\"spacer.default\">\n\t\t\t\t<div class=\"elementor-widget-container\">\n\t\t\t\t\t\t\t<div class=\"elementor-spacer\">\n\t\t\t<div class=\"elementor-spacer-inner\"><\/div>\n\t\t<\/div>\n\t\t\t\t\t\t<\/div>\n\t\t\t\t<\/div>\n\t\t\t\t\t<\/div>\n\t\t<\/div>\n\t\t\t\t\t<\/div>\n\t\t<\/section>\n\t\t\t\t\t<\/div>\n\t\t<\/div>\n\t\t\t\t\t<\/div>\n\t\t<\/section>\n\t\t\t\t<\/div>\n\t\t","protected":false},"excerpt":{"rendered":"<p>SOLU\u00c7\u00d5ES INDIVIDUAIS OU CORPORATIVAS Qualquer pessoa, em alguma \u00e9poca da vida, pode entrar em um ciclo de d\u00favidas e incertezas, ou at\u00e9 mesmo momentos de frustra\u00e7\u00e3o e des\u00e2nimo, e mesmo com boa vontade e foco, a vida parece sem dire\u00e7\u00e3o e as coisas parecem ficar estagnadas e nenhuma a\u00e7\u00e3o parece ser [&hellip;]<\/p>\n","protected":false},"author":1,"featured_media":0,"parent":0,"menu_order":0,"comment_status":"closed","ping_status":"closed","template":"elementor_header_footer","meta":{"footnotes":""},"class_list":["post-1996","page","type-page","status-publish","hentry"],"_links":{"self":[{"href":"https:\/\/marinhohermestreinamentos.com.br\/mh\/wp-json\/wp\/v2\/pages\/1996","targetHints":{"allow":["GET"]}}],"collection":[{"href":"https:\/\/marinhohermestreinamentos.com.br\/mh\/wp-json\/wp\/v2\/pages"}],"about":[{"href":"https:\/\/marinhohermestreinamentos.com.br\/mh\/wp-json\/wp\/v2\/types\/page"}],"author":[{"embeddable":true,"href":"https:\/\/marinhohermestreinamentos.com.br\/mh\/wp-json\/wp\/v2\/users\/1"}],"replies":[{"embeddable":true,"href":"https:\/\/marinhohermestreinamentos.com.br\/mh\/wp-json\/wp\/v2\/comments?post=1996"}],"version-history":[{"count":25,"href":"https:\/\/marinhohermestreinamentos.com.br\/mh\/wp-json\/wp\/v2\/pages\/1996\/revisions"}],"predecessor-version":[{"id":3195,"href":"https:\/\/marinhohermestreinamentos.com.br\/mh\/wp-json\/wp\/v2\/pages\/1996\/revisions\/3195"}],"wp:attachment":[{"href":"https:\/\/marinhohermestreinamentos.com.br\/mh\/wp-json\/wp\/v2\/media?parent=1996"}],"curies":[{"name":"wp","href":"https:\/\/api.w.org\/{rel}","templated":true}]}}