{"id":1998,"date":"2022-09-30T19:30:05","date_gmt":"2022-09-30T19:30:05","guid":{"rendered":"https:\/\/marinhohermestreinamentos.com.br\/mh\/?page_id=1998"},"modified":"2022-10-20T05:00:36","modified_gmt":"2022-10-20T05:00:36","slug":"mentorias","status":"publish","type":"page","link":"https:\/\/marinhohermestreinamentos.com.br\/mh\/mentorias\/","title":{"rendered":"Mentorias"},"content":{"rendered":"\t\t<div data-elementor-type=\"wp-page\" data-elementor-id=\"1998\" class=\"elementor elementor-1998\">\n\t\t\t\t\t\t<section class=\"elementor-section elementor-top-section elementor-element elementor-element-4915f312 elementor-section-boxed elementor-section-height-default elementor-section-height-default\" data-id=\"4915f312\" data-element_type=\"section\" data-e-type=\"section\">\n\t\t\t\t\t\t<div class=\"elementor-container elementor-column-gap-default\">\n\t\t\t\t\t<div class=\"elementor-column elementor-col-100 elementor-top-column elementor-element elementor-element-71ac506e\" data-id=\"71ac506e\" data-element_type=\"column\" data-e-type=\"column\">\n\t\t\t<div class=\"elementor-widget-wrap elementor-element-populated\">\n\t\t\t\t\t\t<section class=\"elementor-section elementor-inner-section elementor-element elementor-element-29a37319 elementor-section-boxed elementor-section-height-default elementor-section-height-default\" data-id=\"29a37319\" data-element_type=\"section\" data-e-type=\"section\">\n\t\t\t\t\t\t<div class=\"elementor-container elementor-column-gap-default\">\n\t\t\t\t\t<div class=\"elementor-column elementor-col-50 elementor-inner-column elementor-element elementor-element-5fa3a721\" data-id=\"5fa3a721\" data-element_type=\"column\" data-e-type=\"column\">\n\t\t\t<div class=\"elementor-widget-wrap elementor-element-populated\">\n\t\t\t\t\t\t<div class=\"elementor-element elementor-element-1c9f7f0d elementor-widget elementor-widget-heading\" data-id=\"1c9f7f0d\" data-element_type=\"widget\" data-e-type=\"widget\" data-widget_type=\"heading.default\">\n\t\t\t\t<div class=\"elementor-widget-container\">\n\t\t\t\t\t<h1 class=\"elementor-heading-title elementor-size-default\">MENTORIAS<\/h1>\t\t\t\t<\/div>\n\t\t\t\t<\/div>\n\t\t\t\t<div class=\"elementor-element elementor-element-3324fb3b elementor-widget elementor-widget-heading\" data-id=\"3324fb3b\" data-element_type=\"widget\" data-e-type=\"widget\" data-widget_type=\"heading.default\">\n\t\t\t\t<div class=\"elementor-widget-container\">\n\t\t\t\t\t<h2 class=\"elementor-heading-title elementor-size-default\">PRESENCIAL OU ONLINE\n<\/h2>\t\t\t\t<\/div>\n\t\t\t\t<\/div>\n\t\t\t\t<div class=\"elementor-element elementor-element-67d66a0f elementor-widget elementor-widget-heading\" data-id=\"67d66a0f\" data-element_type=\"widget\" data-e-type=\"widget\" data-widget_type=\"heading.default\">\n\t\t\t\t<div class=\"elementor-widget-container\">\n\t\t\t\t\t<h2 class=\"elementor-heading-title elementor-size-default\">O que \u00e9 um mentor? O mentor \u00e9 aquele que d\u00e1 suporte e encorajamento para que a outra pessoa gerencie seu pr\u00f3prio aprendizado, maximize seu potencial, desenvolva seus skills, aprimore sua performance e se torne a melhor pessoa que ela possa vir a ser na carreira ou vida pessoal.<\/h2>\t\t\t\t<\/div>\n\t\t\t\t<\/div>\n\t\t\t\t<div class=\"elementor-element elementor-element-5b8b5fda elementor-widget elementor-widget-heading\" data-id=\"5b8b5fda\" data-element_type=\"widget\" data-e-type=\"widget\" data-widget_type=\"heading.default\">\n\t\t\t\t<div class=\"elementor-widget-container\">\n\t\t\t\t\t<h2 class=\"elementor-heading-title elementor-size-default\">A mentoria consiste em acompanhamento individual de modo a orientar e direcionar o cliente na sua vida pessoal ou profissional, diante da experi\u00eancias pessoais ou profissionais j\u00e1 vivenciadas pelo mentor. O cliente normalmente j\u00e1 est\u00e1 ciente de um resultado espec\u00edfico almejado ou do ponto espec\u00edfico para o qual busca a orienta\u00e7\u00e3o.<\/h2>\t\t\t\t<\/div>\n\t\t\t\t<\/div>\n\t\t\t\t<div class=\"elementor-element elementor-element-98496f8 elementor-widget elementor-widget-heading\" data-id=\"98496f8\" data-element_type=\"widget\" data-e-type=\"widget\" data-widget_type=\"heading.default\">\n\t\t\t\t<div class=\"elementor-widget-container\">\n\t\t\t\t\t<h2 class=\"elementor-heading-title elementor-size-default\">A mentoria possui metodologia de acompanhamento mais profundo e direto, onde o mentor serve como um apoiador de seu mentee e est\u00e1 disposto a ouvir, entender e interpretar, para ele ent\u00e3o auxili\u00e1-lo a partir de seu conhecimento e experi\u00eancia, com metodologia espec\u00edfica para cada \u00e1rea.<\/h2>\t\t\t\t<\/div>\n\t\t\t\t<\/div>\n\t\t\t\t\t<\/div>\n\t\t<\/div>\n\t\t\t\t<div class=\"elementor-column elementor-col-50 elementor-inner-column elementor-element elementor-element-4b6de73c\" data-id=\"4b6de73c\" data-element_type=\"column\" data-e-type=\"column\">\n\t\t\t<div class=\"elementor-widget-wrap elementor-element-populated\">\n\t\t\t\t\t\t<div class=\"elementor-element elementor-element-790229d2 elementor-widget elementor-widget-tfcarousel\" data-id=\"790229d2\" data-element_type=\"widget\" data-e-type=\"widget\" data-widget_type=\"tfcarousel.default\">\n\t\t\t\t<div class=\"elementor-widget-container\">\n\t\t\t\t\t\t\t<div class=\"tf-carousel-box has-arrow no-bullets\" data-loop=\"yes\" data-auto=\"\" data-column=\"1\" data-column2=\"1\" data-column3=\"1\" data-spacer=\"\" data-prev_icon=\"fa fa-chevron-left\" data-next_icon=\"fa fa-chevron-right\">\r\n\t\t\t<div class=\"owl-carousel owl-theme\">\r\n\t\t\t\t\t\t\t\t\t\t\t\t<div class=\"item\"><img decoding=\"async\" src=\"https:\/\/marinhohermestreinamentos.com.br\/mh\/wp-content\/uploads\/2022\/10\/Marinho-Hermes-Jacqueline-Hermes-mentoria.jpg\" alt=\"image\"><\/div>\r\n\t\t\t\t\t\t\t\t\t\t\t\t\t\t<div class=\"owl-nav\">\r\n\t\t\t\t\t<div class=\"tf-car-prev\"><i class=\"fa fa-chevron-left\"><\/i><\/div>\r\n\t\t\t\t\t<div class=\"tf-car-next\"><i class=\"fa fa-chevron-right\"><\/i><\/div>\r\n\t\t\t\t<\/div>\r\n\t\t\t\t\r\n\t\t\t<\/div>\r\n\t\t<\/div>\r\n\t\t\t\t\t\t<\/div>\n\t\t\t\t<\/div>\n\t\t\t\t<div class=\"elementor-element elementor-element-3a97c837 elementor-widget elementor-widget-heading\" data-id=\"3a97c837\" data-element_type=\"widget\" data-e-type=\"widget\" data-widget_type=\"heading.default\">\n\t\t\t\t<div class=\"elementor-widget-container\">\n\t\t\t\t\t<h2 class=\"elementor-heading-title elementor-size-default\">BAIXAR FOLDER DO TREINAMENTO<\/h2>\t\t\t\t<\/div>\n\t\t\t\t<\/div>\n\t\t\t\t<div class=\"elementor-element elementor-element-4b12ca1d elementor-widget elementor-widget-heading\" data-id=\"4b12ca1d\" data-element_type=\"widget\" data-e-type=\"widget\" data-widget_type=\"heading.default\">\n\t\t\t\t<div class=\"elementor-widget-container\">\n\t\t\t\t\t<h2 class=\"elementor-heading-title elementor-size-default\">Clique aqui e baixe o folder completo desse treinamento.<\/h2>\t\t\t\t<\/div>\n\t\t\t\t<\/div>\n\t\t\t\t<div class=\"elementor-element elementor-element-51d300a1 elementor-align-right elementor-widget elementor-widget-button\" data-id=\"51d300a1\" data-element_type=\"widget\" data-e-type=\"widget\" data-widget_type=\"button.default\">\n\t\t\t\t<div class=\"elementor-widget-container\">\n\t\t\t\t\t\t\t\t\t<div class=\"elementor-button-wrapper\">\n\t\t\t\t\t<a class=\"elementor-button elementor-button-link elementor-size-sm\" href=\"https:\/\/marinhohermestreinamentos.com.br\/mh\/wp-content\/uploads\/2022\/10\/02-Lamina-Coaching-e-Mentorias.pdf\" target=\"_blank\">\n\t\t\t\t\t\t<span class=\"elementor-button-content-wrapper\">\n\t\t\t\t\t\t<span class=\"elementor-button-icon\">\n\t\t\t\t<i aria-hidden=\"true\" class=\"far fa-file-pdf\"><\/i>\t\t\t<\/span>\n\t\t\t\t\t\t\t\t\t<span class=\"elementor-button-text\">Downlaod .PDF<\/span>\n\t\t\t\t\t<\/span>\n\t\t\t\t\t<\/a>\n\t\t\t\t<\/div>\n\t\t\t\t\t\t\t\t<\/div>\n\t\t\t\t<\/div>\n\t\t\t\t<div class=\"elementor-element elementor-element-70846f0d elementor-widget-divider--view-line elementor-widget elementor-widget-divider\" data-id=\"70846f0d\" data-element_type=\"widget\" data-e-type=\"widget\" data-widget_type=\"divider.default\">\n\t\t\t\t<div class=\"elementor-widget-container\">\n\t\t\t\t\t\t\t<div class=\"elementor-divider\">\n\t\t\t<span class=\"elementor-divider-separator\">\n\t\t\t\t\t\t<\/span>\n\t\t<\/div>\n\t\t\t\t\t\t<\/div>\n\t\t\t\t<\/div>\n\t\t\t\t\t<\/div>\n\t\t<\/div>\n\t\t\t\t\t<\/div>\n\t\t<\/section>\n\t\t\t\t<section class=\"elementor-section elementor-inner-section elementor-element elementor-element-34979cec elementor-section-boxed elementor-section-height-default elementor-section-height-default\" data-id=\"34979cec\" data-element_type=\"section\" data-e-type=\"section\">\n\t\t\t\t\t\t<div class=\"elementor-container elementor-column-gap-default\">\n\t\t\t\t\t<div class=\"elementor-column elementor-col-100 elementor-inner-column elementor-element elementor-element-cda9639\" data-id=\"cda9639\" data-element_type=\"column\" data-e-type=\"column\">\n\t\t\t<div class=\"elementor-widget-wrap elementor-element-populated\">\n\t\t\t\t\t\t<div class=\"elementor-element elementor-element-720db67a elementor-widget elementor-widget-heading\" data-id=\"720db67a\" data-element_type=\"widget\" data-e-type=\"widget\" data-widget_type=\"heading.default\">\n\t\t\t\t<div class=\"elementor-widget-container\">\n\t\t\t\t\t<h2 class=\"elementor-heading-title elementor-size-default\">DURA\u00c7\u00c3O<\/h2>\t\t\t\t<\/div>\n\t\t\t\t<\/div>\n\t\t\t\t<div class=\"elementor-element elementor-element-b37411f elementor-widget elementor-widget-text-editor\" data-id=\"b37411f\" data-element_type=\"widget\" data-e-type=\"widget\" data-widget_type=\"text-editor.default\">\n\t\t\t\t<div class=\"elementor-widget-container\">\n\t\t\t\t\t\t\t\t\t<ul><li>Dura\u00e7\u00e3o: m\u00ednimo 06 sess\u00f5es de 1 hora, com 01 encontro por semana.<\/li><li>\u00c1reas de Mentoria: carreira, vendas, gest\u00e3o de equipes, relacionamentos interpessoais e familiares, perfil e comportamental.<\/li><li>N\u00e3o inclui certificado.<\/li><\/ul>\t\t\t\t\t\t\t\t<\/div>\n\t\t\t\t<\/div>\n\t\t\t\t<div class=\"elementor-element elementor-element-2bf1697 elementor-widget-tablet__width-inherit elementor-align-center elementor-icon-list--layout-traditional elementor-list-item-link-full_width elementor-widget elementor-widget-icon-list\" data-id=\"2bf1697\" data-element_type=\"widget\" data-e-type=\"widget\" data-widget_type=\"icon-list.default\">\n\t\t\t\t<div class=\"elementor-widget-container\">\n\t\t\t\t\t\t\t<ul class=\"elementor-icon-list-items\">\n\t\t\t\t\t\t\t<li class=\"elementor-icon-list-item\">\n\t\t\t\t\t\t\t\t\t\t\t<a href=\"https:\/\/api.whatsapp.com\/send?phone=5577988251696\" target=\"_blank\">\n\n\t\t\t\t\t\t\t\t\t\t\t\t<span class=\"elementor-icon-list-icon\">\n\t\t\t\t\t\t\t<i aria-hidden=\"true\" class=\"fab fa-whatsapp\"><\/i>\t\t\t\t\t\t<\/span>\n\t\t\t\t\t\t\t\t\t\t<span class=\"elementor-icon-list-text\">Ainda tem d\u00favidas? Clique aqui e fale conosco<\/span>\n\t\t\t\t\t\t\t\t\t\t\t<\/a>\n\t\t\t\t\t\t\t\t\t<\/li>\n\t\t\t\t\t\t<\/ul>\n\t\t\t\t\t\t<\/div>\n\t\t\t\t<\/div>\n\t\t\t\t<div class=\"elementor-element elementor-element-2235b8b7 elementor-widget elementor-widget-spacer\" data-id=\"2235b8b7\" data-element_type=\"widget\" data-e-type=\"widget\" data-widget_type=\"spacer.default\">\n\t\t\t\t<div class=\"elementor-widget-container\">\n\t\t\t\t\t\t\t<div class=\"elementor-spacer\">\n\t\t\t<div class=\"elementor-spacer-inner\"><\/div>\n\t\t<\/div>\n\t\t\t\t\t\t<\/div>\n\t\t\t\t<\/div>\n\t\t\t\t\t<\/div>\n\t\t<\/div>\n\t\t\t\t\t<\/div>\n\t\t<\/section>\n\t\t\t\t\t<\/div>\n\t\t<\/div>\n\t\t\t\t\t<\/div>\n\t\t<\/section>\n\t\t\t\t<\/div>\n\t\t","protected":false},"excerpt":{"rendered":"<p>MENTORIAS PRESENCIAL OU ONLINE O que \u00e9 um mentor? O mentor \u00e9 aquele que d\u00e1 suporte e encorajamento para que a outra pessoa gerencie seu pr\u00f3prio aprendizado, maximize seu potencial, desenvolva seus skills, aprimore sua performance e se torne a melhor pessoa que ela possa vir a ser na carreira ou [&hellip;]<\/p>\n","protected":false},"author":1,"featured_media":0,"parent":0,"menu_order":0,"comment_status":"closed","ping_status":"closed","template":"elementor_header_footer","meta":{"footnotes":""},"class_list":["post-1998","page","type-page","status-publish","hentry"],"_links":{"self":[{"href":"https:\/\/marinhohermestreinamentos.com.br\/mh\/wp-json\/wp\/v2\/pages\/1998","targetHints":{"allow":["GET"]}}],"collection":[{"href":"https:\/\/marinhohermestreinamentos.com.br\/mh\/wp-json\/wp\/v2\/pages"}],"about":[{"href":"https:\/\/marinhohermestreinamentos.com.br\/mh\/wp-json\/wp\/v2\/types\/page"}],"author":[{"embeddable":true,"href":"https:\/\/marinhohermestreinamentos.com.br\/mh\/wp-json\/wp\/v2\/users\/1"}],"replies":[{"embeddable":true,"href":"https:\/\/marinhohermestreinamentos.com.br\/mh\/wp-json\/wp\/v2\/comments?post=1998"}],"version-history":[{"count":16,"href":"https:\/\/marinhohermestreinamentos.com.br\/mh\/wp-json\/wp\/v2\/pages\/1998\/revisions"}],"predecessor-version":[{"id":3090,"href":"https:\/\/marinhohermestreinamentos.com.br\/mh\/wp-json\/wp\/v2\/pages\/1998\/revisions\/3090"}],"wp:attachment":[{"href":"https:\/\/marinhohermestreinamentos.com.br\/mh\/wp-json\/wp\/v2\/media?parent=1998"}],"curies":[{"name":"wp","href":"https:\/\/api.w.org\/{rel}","templated":true}]}}