{"id":2001,"date":"2022-09-30T20:03:48","date_gmt":"2022-09-30T20:03:48","guid":{"rendered":"https:\/\/marinhohermestreinamentos.com.br\/mh\/?page_id=2001"},"modified":"2022-10-15T15:10:08","modified_gmt":"2022-10-15T15:10:08","slug":"avaliacao-de-desempenho-com-devolutiva","status":"publish","type":"page","link":"https:\/\/marinhohermestreinamentos.com.br\/mh\/avaliacao-de-desempenho-com-devolutiva\/","title":{"rendered":"Avalia\u00e7\u00e3o de Desempenho com Devolutiva"},"content":{"rendered":"\t\t<div data-elementor-type=\"wp-page\" data-elementor-id=\"2001\" class=\"elementor elementor-2001\">\n\t\t\t\t\t\t<section class=\"elementor-section elementor-top-section elementor-element elementor-element-8837651 elementor-section-boxed elementor-section-height-default elementor-section-height-default\" data-id=\"8837651\" data-element_type=\"section\" data-e-type=\"section\">\n\t\t\t\t\t\t<div class=\"elementor-container elementor-column-gap-default\">\n\t\t\t\t\t<div class=\"elementor-column elementor-col-100 elementor-top-column elementor-element elementor-element-6669e8d7\" data-id=\"6669e8d7\" data-element_type=\"column\" data-e-type=\"column\">\n\t\t\t<div class=\"elementor-widget-wrap elementor-element-populated\">\n\t\t\t\t\t\t<section class=\"elementor-section elementor-inner-section elementor-element elementor-element-6262ba58 elementor-section-boxed elementor-section-height-default elementor-section-height-default\" data-id=\"6262ba58\" data-element_type=\"section\" data-e-type=\"section\">\n\t\t\t\t\t\t<div class=\"elementor-container elementor-column-gap-default\">\n\t\t\t\t\t<div class=\"elementor-column elementor-col-50 elementor-inner-column elementor-element elementor-element-5b6e2475\" data-id=\"5b6e2475\" data-element_type=\"column\" data-e-type=\"column\">\n\t\t\t<div class=\"elementor-widget-wrap elementor-element-populated\">\n\t\t\t\t\t\t<div class=\"elementor-element elementor-element-1950a83b elementor-widget elementor-widget-heading\" data-id=\"1950a83b\" data-element_type=\"widget\" data-e-type=\"widget\" data-widget_type=\"heading.default\">\n\t\t\t\t<div class=\"elementor-widget-container\">\n\t\t\t\t\t<h1 class=\"elementor-heading-title elementor-size-default\">AVALIA\u00c7\u00c3O DE DESEMPENHO COM DEVOLUTIVA<\/h1>\t\t\t\t<\/div>\n\t\t\t\t<\/div>\n\t\t\t\t<div class=\"elementor-element elementor-element-3792a16e elementor-widget elementor-widget-heading\" data-id=\"3792a16e\" data-element_type=\"widget\" data-e-type=\"widget\" data-widget_type=\"heading.default\">\n\t\t\t\t<div class=\"elementor-widget-container\">\n\t\t\t\t\t<h2 class=\"elementor-heading-title elementor-size-default\">\u00c9 uma excelente ferramenta para \u201climpar as lentes\u201d e assim enxergar melhor! O objetivo \u00e9 estabelecer uma compara\u00e7\u00e3o entre o desempenho esperado e o realizado pelo indiv\u00edduo para assim dar novos passos.<\/h2>\t\t\t\t<\/div>\n\t\t\t\t<\/div>\n\t\t\t\t<div class=\"elementor-element elementor-element-1bdbc5c2 elementor-widget elementor-widget-heading\" data-id=\"1bdbc5c2\" data-element_type=\"widget\" data-e-type=\"widget\" data-widget_type=\"heading.default\">\n\t\t\t\t<div class=\"elementor-widget-container\">\n\t\t\t\t\t<h2 class=\"elementor-heading-title elementor-size-default\">Essa avalia\u00e7\u00e3o de desempenho est\u00e1 inclusa em todos os nossos programas de treinamento, exceto no Eneagrama da Personalidade, e tamb\u00e9m poder\u00e1 ser contratada individualmente por qualquer pessoa, independentemente de realizar ou n\u00e3o algum treinamento posterior.<\/h2>\t\t\t\t<\/div>\n\t\t\t\t<\/div>\n\t\t\t\t<div class=\"elementor-element elementor-element-b5d2f60 elementor-widget elementor-widget-heading\" data-id=\"b5d2f60\" data-element_type=\"widget\" data-e-type=\"widget\" data-widget_type=\"heading.default\">\n\t\t\t\t<div class=\"elementor-widget-container\">\n\t\t\t\t\t<h2 class=\"elementor-heading-title elementor-size-default\">A contrata\u00e7\u00e3o individual \u00e9 indicada sempre que o cliente desejar entender melhor sobre seus pontos fortes a melhorar, buscando normalmente ascens\u00e3o profissional, evolu\u00e7\u00e3o na carreira, abrir um neg\u00f3cio pr\u00f3prio, mudar de ramo de atividade, mudar de profiss\u00e3o, entre outras inten\u00e7\u00f5es.<\/h2>\t\t\t\t<\/div>\n\t\t\t\t<\/div>\n\t\t\t\t\t<\/div>\n\t\t<\/div>\n\t\t\t\t<div class=\"elementor-column elementor-col-50 elementor-inner-column elementor-element elementor-element-2af40586\" data-id=\"2af40586\" data-element_type=\"column\" data-e-type=\"column\">\n\t\t\t<div class=\"elementor-widget-wrap elementor-element-populated\">\n\t\t\t\t\t\t<div class=\"elementor-element elementor-element-6b0a7e22 elementor-widget elementor-widget-tfcarousel\" data-id=\"6b0a7e22\" data-element_type=\"widget\" data-e-type=\"widget\" data-widget_type=\"tfcarousel.default\">\n\t\t\t\t<div class=\"elementor-widget-container\">\n\t\t\t\t\t\t\t<div class=\"tf-carousel-box has-arrow no-bullets\" data-loop=\"yes\" data-auto=\"\" data-column=\"1\" data-column2=\"1\" data-column3=\"1\" data-spacer=\"\" data-prev_icon=\"fa fa-chevron-left\" data-next_icon=\"fa fa-chevron-right\">\r\n\t\t\t<div class=\"owl-carousel owl-theme\">\r\n\t\t\t\t\t\t\t\t\t\t\t\t<div class=\"item\"><img decoding=\"async\" src=\"https:\/\/marinhohermestreinamentos.com.br\/mh\/wp-content\/uploads\/2022\/10\/front-view-elegant-businesswoman-holding-clipboard-with-copy-space-scaled.jpg\" alt=\"image\"><\/div>\r\n\t\t\t\t\t\t\t\t\t\t\t\t\t\t<div class=\"owl-nav\">\r\n\t\t\t\t\t<div class=\"tf-car-prev\"><i class=\"fa fa-chevron-left\"><\/i><\/div>\r\n\t\t\t\t\t<div class=\"tf-car-next\"><i class=\"fa fa-chevron-right\"><\/i><\/div>\r\n\t\t\t\t<\/div>\r\n\t\t\t\t\r\n\t\t\t<\/div>\r\n\t\t<\/div>\r\n\t\t\t\t\t\t<\/div>\n\t\t\t\t<\/div>\n\t\t\t\t\t<\/div>\n\t\t<\/div>\n\t\t\t\t\t<\/div>\n\t\t<\/section>\n\t\t\t\t<div class=\"elementor-element elementor-element-d332536 elementor-widget elementor-widget-heading\" data-id=\"d332536\" data-element_type=\"widget\" data-e-type=\"widget\" data-widget_type=\"heading.default\">\n\t\t\t\t<div class=\"elementor-widget-container\">\n\t\t\t\t\t<h2 class=\"elementor-heading-title elementor-size-default\">Tamb\u00e9m poder\u00e1 a empresa designar alguns colaboradores para realizarem a avalia\u00e7\u00e3o antes de uma promo\u00e7\u00e3o e\/ou mudan\u00e7a de fun\u00e7\u00f5es, ou ainda para identificar quais os treinamentos ser\u00e3o mais apropriados para alavancar as \u00e1reas chave de resultado daqueles colaboradores. Indicada a toda e qualquer empresa, independentemente do seu porte, onde a pretens\u00e3o \u00e9 melhorar o desempenho do time e a partir da\u00ed organizar ou reorganizar o que for necess\u00e1rio.<\/h2>\t\t\t\t<\/div>\n\t\t\t\t<\/div>\n\t\t\t\t<div class=\"elementor-element elementor-element-4b222bd elementor-widget elementor-widget-heading\" data-id=\"4b222bd\" data-element_type=\"widget\" data-e-type=\"widget\" data-widget_type=\"heading.default\">\n\t\t\t\t<div class=\"elementor-widget-container\">\n\t\t\t\t\t<h2 class=\"elementor-heading-title elementor-size-default\">Onde todos se conhecem melhor e poder\u00e3o identificar pontos a melhorar e formas de dar suporte direcionado uns aos outros. Essa avalia\u00e7\u00e3o tamb\u00e9m poder\u00e1 esclarecer se est\u00e1 faltando algum perfil na equipe, com compet\u00eancias distintas, para que ela se complete.<\/h2>\t\t\t\t<\/div>\n\t\t\t\t<\/div>\n\t\t\t\t<section class=\"elementor-section elementor-inner-section elementor-element elementor-element-4e00d3d5 elementor-section-boxed elementor-section-height-default elementor-section-height-default\" data-id=\"4e00d3d5\" data-element_type=\"section\" data-e-type=\"section\">\n\t\t\t\t\t\t<div class=\"elementor-container elementor-column-gap-default\">\n\t\t\t\t\t<div class=\"elementor-column elementor-col-100 elementor-inner-column elementor-element elementor-element-34fdce9f\" data-id=\"34fdce9f\" data-element_type=\"column\" data-e-type=\"column\">\n\t\t\t<div class=\"elementor-widget-wrap elementor-element-populated\">\n\t\t\t\t\t\t<div class=\"elementor-element elementor-element-26bfe807 elementor-widget elementor-widget-heading\" data-id=\"26bfe807\" data-element_type=\"widget\" data-e-type=\"widget\" data-widget_type=\"heading.default\">\n\t\t\t\t<div class=\"elementor-widget-container\">\n\t\t\t\t\t<h2 class=\"elementor-heading-title elementor-size-default\">Conte\u00fado<\/h2>\t\t\t\t<\/div>\n\t\t\t\t<\/div>\n\t\t\t\t<div class=\"elementor-element elementor-element-363eed77 elementor-widget elementor-widget-heading\" data-id=\"363eed77\" data-element_type=\"widget\" data-e-type=\"widget\" data-widget_type=\"heading.default\">\n\t\t\t\t<div class=\"elementor-widget-container\">\n\t\t\t\t\t<h2 class=\"elementor-heading-title elementor-size-default\">Consiste em realizar uma avalia\u00e7\u00e3o 360\u00ba, onde gestores, pares, subordinados, parceiros de neg\u00f3cios, familiares e amigos avaliam o desempenho do cliente em \u00e1reas diversas, podendo ser avaliado quanto a sua LIDERAN\u00c7A, GEST\u00c3O, HABILIDADES DE VENDAS, HABILIDADE DE NEGOCIA\u00c7\u00c3O, COMUNICA\u00c7\u00c3O, entre outras. A escolha dos avaliadores ficar\u00e1 a crit\u00e9rio do cliente de acordo com seus objetivos a partir da avalia\u00e7\u00e3o.<\/h2>\t\t\t\t<\/div>\n\t\t\t\t<\/div>\n\t\t\t\t<div class=\"elementor-element elementor-element-637ecfc elementor-widget elementor-widget-heading\" data-id=\"637ecfc\" data-element_type=\"widget\" data-e-type=\"widget\" data-widget_type=\"heading.default\">\n\t\t\t\t<div class=\"elementor-widget-container\">\n\t\t\t\t\t<h2 class=\"elementor-heading-title elementor-size-default\">Ap\u00f3s a avalia\u00e7\u00e3o \u00e9 realizada a devolutiva.<\/h2>\t\t\t\t<\/div>\n\t\t\t\t<\/div>\n\t\t\t\t<div class=\"elementor-element elementor-element-6d14df5 elementor-widget elementor-widget-heading\" data-id=\"6d14df5\" data-element_type=\"widget\" data-e-type=\"widget\" data-widget_type=\"heading.default\">\n\t\t\t\t<div class=\"elementor-widget-container\">\n\t\t\t\t\t<h2 class=\"elementor-heading-title elementor-size-default\">O que \u00e9 devolutiva? \u00c9 o feedback e coaching promovido pelo coach diretamente ao cliente, diante dos resultados apresentados pelos gr\u00e1ficos, demonstrando seus pontos fortes e fracos, bem como direcionando o cliente a evoluir nas \u00e1reas chave de resultado de acordo com seus objetivos, cargo e fun\u00e7\u00e3o.<\/h2>\t\t\t\t<\/div>\n\t\t\t\t<\/div>\n\t\t\t\t<div class=\"elementor-element elementor-element-50bfde8 elementor-widget elementor-widget-heading\" data-id=\"50bfde8\" data-element_type=\"widget\" data-e-type=\"widget\" data-widget_type=\"heading.default\">\n\t\t\t\t<div class=\"elementor-widget-container\">\n\t\t\t\t\t<h2 class=\"elementor-heading-title elementor-size-default\">\u00c1reas impactadas: projeto de sucess\u00e3o, gest\u00e3o de desempenho, desenvolvimento de equipes, desenvolvimento de l\u00edderes e gestores, organiza\u00e7\u00e3o dos cargos e fun\u00e7\u00f5es, motiva\u00e7\u00e3o da equipe, autogest\u00e3o, reten\u00e7\u00e3o de talentos, recrutamento e sele\u00e7\u00e3o, direcionamento para qualifica\u00e7\u00e3o e treinamentos, gest\u00e3o de carreira, autoconsci\u00eancia, qualidade de vida, entre outras.<\/h2>\t\t\t\t<\/div>\n\t\t\t\t<\/div>\n\t\t\t\t<div class=\"elementor-element elementor-element-387b63b2 elementor-widget elementor-widget-heading\" data-id=\"387b63b2\" data-element_type=\"widget\" data-e-type=\"widget\" data-widget_type=\"heading.default\">\n\t\t\t\t<div class=\"elementor-widget-container\">\n\t\t\t\t\t<h2 class=\"elementor-heading-title elementor-size-default\">Dura\u00e7\u00e3o\n<\/h2>\t\t\t\t<\/div>\n\t\t\t\t<\/div>\n\t\t\t\t<div class=\"elementor-element elementor-element-565eda6 elementor-widget elementor-widget-text-editor\" data-id=\"565eda6\" data-element_type=\"widget\" data-e-type=\"widget\" data-widget_type=\"text-editor.default\">\n\t\t\t\t<div class=\"elementor-widget-container\">\n\t\t\t\t\t\t\t\t\t<p>Etapa 1 \u2013 reuni\u00e3o com 1 horas de dura\u00e7\u00e3o (<em>on line<\/em>\u00a0ou presencial), com gestores da empresa para alinhamento de expectativas.<\/p><p>Etapa 2 \u2013 \u00e9 gerado um link para cada avaliador que possui um prazo de 7 dias para realiza-lo. Ap\u00f3s esses prazo s\u00e3o gerados gr\u00e1ficos que demonstram as avalia\u00e7\u00f5es de cada compet\u00eancia e sobre as quais \u00e9 realizada a devolutiva.<\/p><p>Etapa 3 \u2013 devolutiva diretamente \u00e0 pessoa avaliada, com 1 hora de dura\u00e7\u00e3o, para \u00a0alinhamento a partir das respostas recebidas nas avalia\u00e7\u00f5es.<\/p><p>Etapa 4 \u2013 reuni\u00e3o final com 1 hora de dura\u00e7\u00e3o, com os gestores para apresenta\u00e7\u00e3o dos resultados da avalia\u00e7\u00e3o e alinhamento de expectativas com orienta\u00e7\u00e3o para pr\u00f3ximos direcionamentos com a pessoa avaliada.<\/p>\t\t\t\t\t\t\t\t<\/div>\n\t\t\t\t<\/div>\n\t\t\t\t<div class=\"elementor-element elementor-element-160556d elementor-widget-tablet__width-inherit elementor-align-center elementor-icon-list--layout-traditional elementor-list-item-link-full_width elementor-widget elementor-widget-icon-list\" data-id=\"160556d\" data-element_type=\"widget\" data-e-type=\"widget\" data-widget_type=\"icon-list.default\">\n\t\t\t\t<div class=\"elementor-widget-container\">\n\t\t\t\t\t\t\t<ul class=\"elementor-icon-list-items\">\n\t\t\t\t\t\t\t<li class=\"elementor-icon-list-item\">\n\t\t\t\t\t\t\t\t\t\t\t<a href=\"https:\/\/api.whatsapp.com\/send?phone=5577988251696\" target=\"_blank\">\n\n\t\t\t\t\t\t\t\t\t\t\t\t<span class=\"elementor-icon-list-icon\">\n\t\t\t\t\t\t\t<i aria-hidden=\"true\" class=\"fab fa-whatsapp\"><\/i>\t\t\t\t\t\t<\/span>\n\t\t\t\t\t\t\t\t\t\t<span class=\"elementor-icon-list-text\">Ainda tem d\u00favidas? Clique aqui e fale conosco<\/span>\n\t\t\t\t\t\t\t\t\t\t\t<\/a>\n\t\t\t\t\t\t\t\t\t<\/li>\n\t\t\t\t\t\t<\/ul>\n\t\t\t\t\t\t<\/div>\n\t\t\t\t<\/div>\n\t\t\t\t<div class=\"elementor-element elementor-element-475bd745 elementor-widget elementor-widget-spacer\" data-id=\"475bd745\" data-element_type=\"widget\" data-e-type=\"widget\" data-widget_type=\"spacer.default\">\n\t\t\t\t<div class=\"elementor-widget-container\">\n\t\t\t\t\t\t\t<div class=\"elementor-spacer\">\n\t\t\t<div class=\"elementor-spacer-inner\"><\/div>\n\t\t<\/div>\n\t\t\t\t\t\t<\/div>\n\t\t\t\t<\/div>\n\t\t\t\t\t<\/div>\n\t\t<\/div>\n\t\t\t\t\t<\/div>\n\t\t<\/section>\n\t\t\t\t\t<\/div>\n\t\t<\/div>\n\t\t\t\t\t<\/div>\n\t\t<\/section>\n\t\t\t\t<\/div>\n\t\t","protected":false},"excerpt":{"rendered":"<p>AVALIA\u00c7\u00c3O DE DESEMPENHO COM DEVOLUTIVA \u00c9 uma excelente ferramenta para \u201climpar as lentes\u201d e assim enxergar melhor! O objetivo \u00e9 estabelecer uma compara\u00e7\u00e3o entre o desempenho esperado e o realizado pelo indiv\u00edduo para assim dar novos passos. Essa avalia\u00e7\u00e3o de desempenho est\u00e1 inclusa em todos os nossos programas de treinamento, exceto [&hellip;]<\/p>\n","protected":false},"author":1,"featured_media":0,"parent":0,"menu_order":0,"comment_status":"closed","ping_status":"closed","template":"elementor_header_footer","meta":{"footnotes":""},"class_list":["post-2001","page","type-page","status-publish","hentry"],"_links":{"self":[{"href":"https:\/\/marinhohermestreinamentos.com.br\/mh\/wp-json\/wp\/v2\/pages\/2001","targetHints":{"allow":["GET"]}}],"collection":[{"href":"https:\/\/marinhohermestreinamentos.com.br\/mh\/wp-json\/wp\/v2\/pages"}],"about":[{"href":"https:\/\/marinhohermestreinamentos.com.br\/mh\/wp-json\/wp\/v2\/types\/page"}],"author":[{"embeddable":true,"href":"https:\/\/marinhohermestreinamentos.com.br\/mh\/wp-json\/wp\/v2\/users\/1"}],"replies":[{"embeddable":true,"href":"https:\/\/marinhohermestreinamentos.com.br\/mh\/wp-json\/wp\/v2\/comments?post=2001"}],"version-history":[{"count":25,"href":"https:\/\/marinhohermestreinamentos.com.br\/mh\/wp-json\/wp\/v2\/pages\/2001\/revisions"}],"predecessor-version":[{"id":2889,"href":"https:\/\/marinhohermestreinamentos.com.br\/mh\/wp-json\/wp\/v2\/pages\/2001\/revisions\/2889"}],"wp:attachment":[{"href":"https:\/\/marinhohermestreinamentos.com.br\/mh\/wp-json\/wp\/v2\/media?parent=2001"}],"curies":[{"name":"wp","href":"https:\/\/api.w.org\/{rel}","templated":true}]}}